{"id":255,"date":"2019-02-27T12:47:40","date_gmt":"2019-02-27T12:47:40","guid":{"rendered":"https:\/\/shop.anubesport.com\/cookie-policy\/"},"modified":"2023-06-09T18:57:29","modified_gmt":"2023-06-09T16:57:29","slug":"politica-privacidad","status":"publish","type":"page","link":"https:\/\/shop.anubesport.com\/en\/politica-privacidad\/","title":{"rendered":"Politica de privacidad"},"content":{"rendered":"<p><b>Pol\u00edtica de privacidad de datos<\/b><\/p>\n<p>ANUBE I D I, S.L. es el responsable del tratamiento de los datos personales y respeta la legislaci\u00f3n vigente en materia de protecci\u00f3n de datos personales, la privacidad de los usuarios y el secreto y seguridad de los datos personales, de conformidad con lo establecido en el Reglamento (UE) 2016\/679 del Parlamento Europeo y del Consejo de 27 de abril de 2016 relativo a la protecci\u00f3n de las personas f\u00edsicas en lo que respecta al tratamiento de datos personales (RGPD).<\/p>\n<p>ANUBE I D I, S.L. ha adoptado todas las medidas t\u00e9cnicas y de organizaci\u00f3n necesarias para garantizar la confidencialidad, integridad, disponibilidad y resiliencia de los datos personales que custodia.<\/p>\n<p>El acceso, desde la presente web https:\/\/shop.anubesport.com o tienda online (en adelante, el &#8220;Portal&#8221;), a determinadas \u00e1reas, servicios y productos, contenidos y\/o recursos de ANUBE I D I, S.L. \u00fanicamente ser\u00e1 factible mediante la previa puesta a disposici\u00f3n, por parte de los clientes y usuarios interesados de ANUBE I D I, S.L. (en adelante, se denominar\u00e1 individualmente como &#8220;Usuario&#8221; y, conjunta e indistintamente, como &#8220;Usuarios&#8221;), de datos de car\u00e1cter personal o el registro previo del Usuario en el Portal. En estos casos, el Usuario deber\u00e1 facilitar ciertos datos de car\u00e1cter personal que ser\u00e1n objeto de tratamiento automatizado o no por parte de ANUBE I D I, S.L. como Responsable de Tratamiento debidamente identificado en la presente pol\u00edtica de privacidad de datos y de acuerdo con las finalidades y condiciones estipuladas en la presente Pol\u00edtica de Privacidad.<\/p>\n<p>ANUBE I D I, S.L. almacena los datos del dispositivo de conexi\u00f3n que el Usuario utiliza para acceder a los servicios ofrecidos en el Portal. En este sentido, cuando acceda al Portal, el sistema donde el mismo est\u00e1 alojado reconoce autom\u00e1ticamente la direcci\u00f3n IP de su dispositivo, informaci\u00f3n sobre su dispositivo, como su conexi\u00f3n a Internet, su tipo de navegador, la versi\u00f3n y el sistema operativo y el tipo de dispositivo, el d\u00eda y la hora a la que ha entrado, a la que se ha desconectado, y por qu\u00e9 partes de nuestro Portal se ha movido (clickstream). Es necesario que nuestro sistema conozca estos datos de su dispositivo porque tiene que poder comunicarse con \u00e9l para enviarle lo que le pida a trav\u00e9s de su navegador y pueda verlo en su pantalla. Ni nuestro sistema ni nosotros mismos podemos conocer sus datos personales, como por ejemplo nombre, direcci\u00f3n, tel\u00e9fono, etc., si no ha sido usted mismo quien nos los ha proporcionado.<\/p>\n<p>El sistema donde se encuentra alojado nuestro Portal utiliza cookies para facilitar la navegaci\u00f3n de los Usuarios y con fines estad\u00edsticos.<\/p>\n<p>ANUBE I D I, S.L. manifiesta su compromiso de cumplir con la legislaci\u00f3n vigente en cada momento en materia de protecci\u00f3n de datos y respetar los valores y principios de transparencia y lealtad.<\/p>\n<p>El Usuario acepta expresamente la inclusi\u00f3n de los datos facilitados a trav\u00e9s de las diferentes v\u00edas habilitadas para tal fin y en las formas que se indican en la presente Pol\u00edtica de Privacidad, en uno o varios tratamientos, automatizados o no, de datos de car\u00e1cter personal de los que ANUBE I D I, S.L. es responsable de tratamiento. Durante el proceso de recogida de los datos, el Usuario ser\u00e1 informado de qu\u00e9 datos tiene que facilitar de forma obligatoria para acceder a las \u00e1reas, servicios y productos, contenidos y\/o recursos que requieran su registro previo.<\/p>\n<p>ANUBE I D I, S.L. se reserva el derecho a modificar, adaptar o actualizar la presente Pol\u00edtica de Privacidad, en todo momento y con una antelaci\u00f3n razonable, al objeto de adaptarla a los cambios legislativos, judiciales o jurisprudenciales que puedan afectarla, as\u00ed como a las pr\u00e1cticas de la industria. Sin perjuicio de lo antedicho, cuando dichas modificaciones, alteraciones y\/o actualizaciones conlleven o supongan un cambio sustancial en el tratamiento de sus datos de car\u00e1cter personal se les informar\u00e1 debidamente y, en su caso, se les recabar\u00e1 el consentimiento para el nuevo tratamiento.<\/p>\n<p>El Usuario declara bajo su responsabilidad y garantiza que los datos que facilita a ANUBE I D I, S.L. son ciertos, excelsos, correctos y que pertenecen a su persona. En este sentido, ser\u00e1 de obligaci\u00f3n de los Usuarios el mantener actualizados las informaciones y datos de tal forma que correspondan con la realidad en cada momento. Cualquier manifestaci\u00f3n falsa o inexacta que se produzca como consecuencia de las informaciones y datos manifestados as\u00ed como los perjuicios que tal informaci\u00f3n pudiera causar, ser\u00e1 responsabilidad directa de los usuarios.<\/p>\n<p><b>Responsable del tratamiento de sus datos:<\/b><\/p>\n<p>ANUBE I D I, S.L.<br \/>Pol. Ind. Porto do Molle &#8211; Centro de Negocios Of. 111 , 36350 , Nigr\u00e1n, Espa\u00f1a<br \/>Correo electr\u00f3nico: info(arroba)anube.es<\/p>\n<p><u><b>Finalidad de los datos recabados por ANUBE I D I, S.L. <\/b><\/u><\/p>\n<p><b>Formulario de registro &#8211; Alta de usuario web<\/b><\/p>\n<p>Los datos personales recabados, y los que puedan recabarse en el futuro como consecuencia del presente documento, ser\u00e1n objeto de inclusi\u00f3n en uno o varios tratamientos de datos de car\u00e1cter personal, automatizados o no, de los que es responsable ANUBE I D I, S.L. con la finalidad de gestionar y prestar los servicios y productos asociados a su Alta de usuario web, como son, a t\u00edtulo enunciativo y no limitativo, los pedidos y cualesquiera otros servicios contratados por usted en ANUBE I D I, S.L. , en su condici\u00f3n de cliente.<\/p>\n<p><b>Compra<\/b><\/p>\n<p>La finalidad del tratamiento de los datos ser\u00e1\u00a0gestionar y prestar los servicios en los que el Usuario se haya registrado, en particular mantener relaciones comerciales con los Usuarios interesados, as\u00ed como la mejora y ampliaci\u00f3n de dichos servicios.<\/p>\n<p><b>Atenci\u00f3n al cliente<\/b><\/p>\n<p>Gestionar cualquier solicitud de informaci\u00f3n, comentario, sugerencia, duda, queja o reclamaci\u00f3n relacionada con los servicios y productos de ANUBE I D I, S.L. trasladada al Servicio de Atenci\u00f3n al Cliente por cualquier medio de comunicaci\u00f3n.<\/p>\n<p><b>Tiempo de conservaci\u00f3n de sus datos<\/b><\/p>\n<p>Los datos personales proporcionados por los Usuarios se conservar\u00e1n mientras lo permita la legislaci\u00f3n vigente en cada momento o no se solicite su supresi\u00f3n por el interesado. En el caso de inactividad por su parte, ANUBE I D I, S.L. conservar\u00e1 los datos de car\u00e1cter personal facilitados por el Usuario sin perjuicio de la posibilidad de ejercer sus derechos en los t\u00e9rminos que se indican m\u00e1s adelante.<\/p>\n<p>En todo caso, el plazo de conservaci\u00f3n de los datos vendr\u00e1 determinado por las obligaciones impuestas por la normativa mercantil, contable y fiscal u otra normativa vigente que establezca de manera imperativa un plazo de conservaci\u00f3n espec\u00edfico.<\/p>\n<p><b>Legitimaci\u00f3n para el tratamiento de los datos personales<\/b><\/p>\n<p>La base legal o legitimaci\u00f3n para el tratamiento de los datos personales facilitados a trav\u00e9s de del Portal, de nuestras tiendas f\u00edsicas y\/o a trav\u00e9s de los diferentes canales de Atenci\u00f3n al Cliente es el consentimiento expreso que se solicita al Usuario para cada una de las finalidades de tratamiento, el cumplimiento de sus expectativas, as\u00ed como la ejecuci\u00f3n de medidas precontractuales o de un contrato solicitado por el Usuario y el inter\u00e9s leg\u00edtimo.<\/p>\n<p><b>Derechos en relaci\u00f3n con el tratamiento de datos personales<\/b><\/p>\n<p>El Usuario podr\u00e1 ejercer, respecto de los datos recabados en la forma prevista en la presente Pol\u00edtica de Privacidad, los derechos reconocidos en la normativa de protecci\u00f3n de datos y, en particular, los siguientes derechos: acceso, rectificaci\u00f3n, supresi\u00f3n, oposici\u00f3n, limitaci\u00f3n y portabilidad de los datos personales.<\/p>\n<p>Los Usuarios interesados tienen derecho a acceder a sus datos personales, as\u00ed como a solicitar la rectificaci\u00f3n de los datos inexactos o, en su caso, a solicitar su supresi\u00f3n cuando, entre otros motivos, los datos ya no sean necesarios para los fines para los que fueron recogidos.<\/p>\n<p>En determinadas circunstancias, los Usuarios podr\u00e1n solicitar la limitaci\u00f3n del tratamiento de sus datos, en cuyo caso, ANUBE I D I, S.L. \u00fanicamente los conservar\u00e1 para el cumplimiento de obligaciones legales y administrativas, defensa de propios intereses y derechos, as\u00ed como para el ejercicio o la defensa de reclamaciones, sanciones y responsabilidades.<\/p>\n<p>El Usuario, asimismo, tendr\u00e1 la posibilidad de revocar en cualquier momento el consentimiento para cualquiera de los tratamientos para los que otorg\u00f3 su consentimiento, sin que ello afecte a la licitud del tratamiento basado en el consentimiento previo a su retirada.<\/p>\n<p>Los derechos referidos en el p\u00e1rrafo anterior podr\u00e1n ser ejercidos por el Usuario, indicando debidamente el motivo de su pretensi\u00f3n, mediante solicitud escrita y firmada dirigida a ANUBE I D I, S.L. ,\u00a0<b>Pol. Ind. Porto do Molle &#8211; Nave 8B. R\u00faa Arroncal, 17, 36350 , Nigr\u00e1n, Espa\u00f1a, <\/b>o bien mediante el env\u00edo de un correo electr\u00f3nico a la direcci\u00f3n info(arroba)anube.es<\/p>\n<p>Las solicitudes enviadas por correo electr\u00f3nico deber\u00e1n realizarse desde la direcci\u00f3n de correo registrada por el solicitante. En todo caso, el Usuario, para ejercer los citados derechos y al objeto de ofrecer garant\u00edas de identificaci\u00f3n del correspondiente solicitante, deber\u00e1 acompa\u00f1ar a su solicitud copia de su Documento Nacional de Identidad o, en su caso, de su N\u00famero de Identificaci\u00f3n de Extranjeros, en vigor.<\/p>\n<p>ANUBE I D I, S.L. se compromete a respetar la confidencialidad de los datos personales facilitados por los Usuarios y a utilizarlos de acuerdo con la finalidad del tratamiento, as\u00ed como a dar cumplimiento a su obligaci\u00f3n de guardarlos y a adoptar todas las medidas para evitar la alteraci\u00f3n, p\u00e9rdida, tratamiento o acceso no autorizado, de acuerdo con lo establecido en la normativa de protecci\u00f3n de datos. Esto no obstante, se informa al Usuario de que las referidas medidas de seguridad no son inquebrantables y\/o invulnerables, adopt\u00e1ndose en caso de vulneraciones susceptibles de tipificaci\u00f3n penal o de otra \u00edndole las medidas de denuncia amparadas legalmente en salvaguarda de los derechos ileg\u00edtimamente infringidos.<\/p>\n\n\n<p><\/p>\n","protected":false},"excerpt":{"rendered":"<p>Pol\u00edtica de privacidad de datos ANUBE I D I, S.L. es el responsable del tratamiento de los datos personales y respeta la legislaci\u00f3n vigente en materia de protecci\u00f3n de datos personales, la privacidad de los usuarios y el secreto y seguridad de los datos personales, de conformidad con lo establecido en [&hellip;]<\/p>\n","protected":false},"author":2,"featured_media":0,"parent":0,"menu_order":0,"comment_status":"closed","ping_status":"closed","template":"","meta":{"footnotes":""},"class_list":["post-255","page","type-page","status-publish","hentry"],"_links":{"self":[{"href":"https:\/\/shop.anubesport.com\/en\/wp-json\/wp\/v2\/pages\/255","targetHints":{"allow":["GET"]}}],"collection":[{"href":"https:\/\/shop.anubesport.com\/en\/wp-json\/wp\/v2\/pages"}],"about":[{"href":"https:\/\/shop.anubesport.com\/en\/wp-json\/wp\/v2\/types\/page"}],"author":[{"embeddable":true,"href":"https:\/\/shop.anubesport.com\/en\/wp-json\/wp\/v2\/users\/2"}],"replies":[{"embeddable":true,"href":"https:\/\/shop.anubesport.com\/en\/wp-json\/wp\/v2\/comments?post=255"}],"version-history":[{"count":0,"href":"https:\/\/shop.anubesport.com\/en\/wp-json\/wp\/v2\/pages\/255\/revisions"}],"wp:attachment":[{"href":"https:\/\/shop.anubesport.com\/en\/wp-json\/wp\/v2\/media?parent=255"}],"curies":[{"name":"wp","href":"https:\/\/api.w.org\/{rel}","templated":true}]}}