{"id":313,"date":"2019-02-27T14:09:13","date_gmt":"2019-02-27T13:09:13","guid":{"rendered":"https:\/\/shop.anubesport.com\/?page_id=313"},"modified":"2023-08-14T19:19:53","modified_gmt":"2023-08-14T17:19:53","slug":"contact-us","status":"publish","type":"page","link":"https:\/\/shop.anubesport.com\/en\/contact-us\/","title":{"rendered":"Contact us"},"content":{"rendered":"<div class=\"wpb-content-wrapper\"><p>[vc_row disable_background_image=&#8221;&#8221;][vc_column offset=&#8221;vc_hidden-md vc_hidden-sm vc_hidden-xs&#8221;][vc_empty_space height=&#8221;105px&#8221;][\/vc_column][\/vc_row][vc_row disable_background_image=&#8221;&#8221; css=&#8221;.vc_custom_1568634188480{padding-top: 36px !important;}&#8221;][vc_column]<div class=\"mkdf-single-image-holder   \">\n    <div class=\"mkdf-si-inner\" >\n                                    <img loading=\"lazy\" decoding=\"async\" width=\"1920\" height=\"1080\" src=\"https:\/\/shop.anubesport.com\/wp-content\/uploads\/2023\/08\/mapa_contacto.jpg\" class=\"attachment-full size-full\" alt=\"\" srcset=\"https:\/\/shop.anubesport.com\/wp-content\/uploads\/2023\/08\/mapa_contacto.jpg 1920w, https:\/\/shop.anubesport.com\/wp-content\/uploads\/2023\/08\/mapa_contacto-300x169.jpg 300w, https:\/\/shop.anubesport.com\/wp-content\/uploads\/2023\/08\/mapa_contacto-1024x576.jpg 1024w, https:\/\/shop.anubesport.com\/wp-content\/uploads\/2023\/08\/mapa_contacto-768x432.jpg 768w, https:\/\/shop.anubesport.com\/wp-content\/uploads\/2023\/08\/mapa_contacto-1536x864.jpg 1536w, https:\/\/shop.anubesport.com\/wp-content\/uploads\/2023\/08\/mapa_contacto-600x338.jpg 600w\" sizes=\"auto, (max-width: 1920px) 100vw, 1920px\" \/>                        <\/div>\n<\/div>[\/vc_column][\/vc_row][vc_row row_content_width=&#8221;grid&#8221; disable_background_image=&#8221;&#8221; vertical_lines=&#8221;yes&#8221; css=&#8221;.vc_custom_1568375152289{padding-top: 119px !important;padding-bottom: 130px !important;}&#8221;][vc_column css=&#8221;.vc_custom_1568375291782{padding-top: 0px !important;}&#8221; offset=&#8221;vc_col-lg-6&#8243;]<div class=\"mkdf-section-title-holder    mkdf-has-appear-animation\" style=\"padding: 0 0 20% 0 0\">\n\t<div class=\"mkdf-st-inner\">\n\t\t\t<span class=\"mkdf-st-tagline\" >\n\t\t\tanube sport\t\t<\/span>\n\t\t\t\t\t\t<h2 class=\"mkdf-st-title\" >\n\t\t\t\t\t\t\t\t\tCustomer support<br \/>\t\t\t\t\t\t\t<\/h2>\n\t\t\t\t\t\t\t<p class=\"mkdf-st-text\" >\n\t\t\t\tIn order to provide a faster service, please do not forget any details that allow us to identify your problem. Order number, email, telephone,... everything that allows us to provide you with a better service.\t\t\t<\/p>\n\t\t\t\t\t<\/div>\n<\/div>[vc_empty_space height=&#8221;40px&#8221;][vc_column_text]<\/p>\n<h4>Headquarters<\/h4>\n<p>[\/vc_column_text][vc_empty_space height=&#8221;17px&#8221;]<div class=\"mkdf-iwt clearfix  mkdf-iwt-icon-left mkdf-iwt-icon-tiny mkdf-has-appear-animation\">\n\t\t\t<a itemprop=\"url\" href=\"https:\/\/www.google.com\/maps\/place\/Anube+I+D+I,+S.L.\/@42.133106,-8.794774,15z\/data=!4m2!3m1!1s0x0:0xda1da3bde740fd19?sa=X&#038;ved=2ahUKEwjp2vyYoLf3AhXuz4UKHSxDAaMQ_BJ6BAgwEAU\" target=\"_blank\" >\n\t\t\t\t\t\t<div class=\"mkdf-iwt-icon\">\n\t\t\t\t\t\t\t\t\t\t\t\t\t\t\t    <span class=\"mkdf-icon-shortcode mkdf-normal   mkdf-icon-tiny\"  data-color=\"#ed1d24\">\n                    <span aria-hidden=\"true\" class=\"mkdf-icon-font-elegant icon_pin_alt mkdf-icon-element\" style=\"color: #ed1d24\" ><\/span>            <\/span>\n\t\t\t\t\t\t\t\t<\/div>\n\t\t\t<div class=\"mkdf-iwt-content\" style=\"padding-left: 16px\">\n\t\t\t\t\t\t\t\t\t\t\t<p class=\"mkdf-iwt-text\" style=\"margin-top: 0px\">Pol\u00edgono Porto do Molle, R\u00faa Arroncal 17, Nave 8B, 36350 Nigr\u00e1n (PO), Spain<\/p>\n\t\t\t\t\t<\/div>\n\t\t\t\t\t<\/a>\n<\/div>\n[vc_empty_space height=&#8221;16px&#8221;]<div class=\"mkdf-iwt clearfix  mkdf-iwt-icon-left mkdf-iwt-icon-tiny mkdf-has-appear-animation\">\n\t\t\t<a itemprop=\"url\" href=\"mailto:logistic@anube.es\" target=\"_self\" >\n\t\t\t\t\t\t<div class=\"mkdf-iwt-icon\">\n\t\t\t\t\t\t\t\t\t\t\t\t\t\t\t    <span class=\"mkdf-icon-shortcode mkdf-normal   mkdf-icon-tiny\"  data-color=\"#ed1d24\">\n                    <span aria-hidden=\"true\" class=\"mkdf-icon-font-elegant icon_mail_alt mkdf-icon-element\" style=\"color: #ed1d24\" ><\/span>            <\/span>\n\t\t\t\t\t\t\t\t<\/div>\n\t\t\t<div class=\"mkdf-iwt-content\" style=\"padding-left: 16px\">\n\t\t\t\t\t\t\t\t\t\t\t<p class=\"mkdf-iwt-text\" style=\"margin-top: 4px\">logistic@anube.es<\/p>\n\t\t\t\t\t<\/div>\n\t\t\t\t\t<\/a>\n<\/div>\n[\/vc_column][vc_column css=&#8221;.vc_custom_1568375299030{padding-top: 0px !important;}&#8221; offset=&#8221;vc_col-lg-6&#8243;]<div class=\"mkdf-elements-holder   mkdf-one-column  mkdf-responsive-mode-768 \" ><div class=\"mkdf-eh-item    \"  data-item-class=\"mkdf-eh-custom-2350\" data-769-1024=\"50px 0 0\" data-681-768=\"50px 0 0\" data-680=\"50px 0 0\">\n\t<div class=\"mkdf-eh-item-inner\">\n\t\t<div class=\"mkdf-eh-item-content mkdf-eh-custom-2350\" style=\"padding: 0px 0 0 36px\">\n\t\t\t\n<div class=\"wpcf7 no-js\" id=\"wpcf7-f24802-o1\" lang=\"\" dir=\"ltr\" data-wpcf7-id=\"24802\">\n<div class=\"screen-reader-response\"><p role=\"status\" aria-live=\"polite\" aria-atomic=\"true\"><\/p> <ul><\/ul><\/div>\n<form action=\"\/en\/wp-json\/wp\/v2\/pages\/313#wpcf7-f24802-o1\" method=\"post\" class=\"wpcf7-form init\" aria-label=\"Contact form\" novalidate=\"novalidate\" data-status=\"init\">\n<fieldset class=\"hidden-fields-container\"><input type=\"hidden\" name=\"_wpcf7\" value=\"24802\" \/><input type=\"hidden\" name=\"_wpcf7_version\" value=\"6.1.5\" \/><input type=\"hidden\" name=\"_wpcf7_locale\" value=\"\" \/><input type=\"hidden\" name=\"_wpcf7_unit_tag\" value=\"wpcf7-f24802-o1\" \/><input type=\"hidden\" name=\"_wpcf7_container_post\" value=\"0\" \/><input type=\"hidden\" name=\"_wpcf7_posted_data_hash\" value=\"\" \/><input type=\"hidden\" name=\"_wpcf7_recaptcha_response\" value=\"\" \/>\n<\/fieldset>\n<p><label> Your Name (required)<br \/>\n<span class=\"wpcf7-form-control-wrap\" data-name=\"your-name\"><input size=\"40\" maxlength=\"400\" class=\"wpcf7-form-control wpcf7-text wpcf7-validates-as-required\" aria-required=\"true\" aria-invalid=\"false\" value=\"\" type=\"text\" name=\"your-name\" \/><\/span> <\/label>\n<\/p>\n<p><label> Your Email (required)<br \/>\n<span class=\"wpcf7-form-control-wrap\" data-name=\"your-email\"><input size=\"40\" maxlength=\"400\" class=\"wpcf7-form-control wpcf7-email wpcf7-validates-as-required wpcf7-text wpcf7-validates-as-email\" aria-required=\"true\" aria-invalid=\"false\" value=\"\" type=\"email\" name=\"your-email\" \/><\/span> <\/label>\n<\/p>\n<p><label> Subject<br \/>\n<span class=\"wpcf7-form-control-wrap\" data-name=\"your-subject\"><input size=\"40\" maxlength=\"400\" class=\"wpcf7-form-control wpcf7-text\" aria-invalid=\"false\" value=\"\" type=\"text\" name=\"your-subject\" \/><\/span> <\/label>\n<\/p>\n<p><label> Your Message (required)<br \/>\n<span class=\"wpcf7-form-control-wrap\" data-name=\"your-message\"><textarea cols=\"40\" rows=\"10\" maxlength=\"2000\" class=\"wpcf7-form-control wpcf7-textarea wpcf7-validates-as-required\" aria-required=\"true\" aria-invalid=\"false\" name=\"your-message\"><\/textarea><\/span> <\/label>\n<\/p>\n<p><button class=\"wpcf7-form-control wpcf7-submit mkdf-btn mkdf-btn-medium mkdf-btn-solid\" type=\"submit\"><span class=\"mkdf-btn-text\">Send<\/span><\/button>\n<\/p><div class=\"wpcf7-response-output\" aria-hidden=\"true\"><\/div>\n<\/form>\n<\/div>\n\t\t<\/div>\n\t<\/div>\n<\/div><\/div>[\/vc_column][\/vc_row][vc_row disable_element=&#8221;yes&#8221; row_content_width=&#8221;grid&#8221; disable_background_image=&#8221;&#8221; vertical_lines=&#8221;yes&#8221; css=&#8221;.vc_custom_1568373063042{padding-top: 124px !important;padding-bottom: 72px !important;}&#8221;][vc_column width=&#8221;1\/2&#8243;]<div class=\"mkdf-section-title-holder    mkdf-has-appear-animation\" style=\"padding: 0 0 20% 0 0\">\n\t<div class=\"mkdf-st-inner\">\n\t\t\t<span class=\"mkdf-st-tagline\" >\n\t\t\tadrenaline\t\t<\/span>\n\t\t\t\t\t\t<h2 class=\"mkdf-st-title\" >\n\t\t\t\t\t\t\t\t\timprove general rideability\t\t\t\t\t\t\t<\/h2>\n\t\t\t\t\t\t\t<p class=\"mkdf-st-text\" >\n\t\t\t\tLorem ipsum dolor sit amet, consectetur adipiscing elit. Etiam aliquet mi sapien, a malesuada tellus vehicula ac. Aliquam accumsan sapien sit amet lectus varius, vel lobortis urna tempus. Aliquam hendrerit felis eget ultrices tempus onec consequat mattis ullamcorper.\t\t\t<\/p>\n\t\t\t\t\t<\/div>\n<\/div>[vc_empty_space height=&#8221;70px&#8221;][vc_column_text]<\/p>\n<h4>Office in New York<\/h4>\n<p>[\/vc_column_text][vc_column_text]<img loading=\"lazy\" decoding=\"async\" class=\"alignmiddle wp-image-1217 size-full alignleft\" src=\"https:\/\/grandprix.qodeinteractive.com\/wp-content\/uploads\/2019\/09\/p3-iwt-img-1.png\" alt=\"d\" width=\"16\" height=\"21\" \/> <a href=\"https:\/\/www.google.com\/maps\/place\/7300+Colonial+Rd,+Brooklyn,+NY+11209,+USA\/@40.6341271,-74.0347961,17z\/data=!3m1!4b1!4m5!3m4!1s0x89c24ff82ba70fed:0x9510b406c4651972!8m2!3d40.634123!4d-74.0326074\" target=\"_blank\" rel=\"noopener noreferrer\"><span style=\"color: #808080;\">7300-7398 Colonial Rd, NY, USA<\/span><\/a>[\/vc_column_text][vc_empty_space height=&#8221;9px&#8221;][vc_column_text]<img loading=\"lazy\" decoding=\"async\" class=\"mkdf-mrgn-center wp-image-1218 size-full alignleft\" src=\"https:\/\/grandprix.qodeinteractive.com\/wp-content\/uploads\/2019\/09\/p3-iwt-img-2.png\" alt=\"j\" width=\"19\" height=\"19\" \/><a href=\"tel:1231245678901\">+ (123) 12,4-567-8901<\/a>[\/vc_column_text][vc_empty_space height=&#8221;6px&#8221;][vc_column_text]<img loading=\"lazy\" decoding=\"async\" class=\"mkdf-mrgn-center wp-image-1219 size-full alignleft\" src=\"https:\/\/grandprix.qodeinteractive.com\/wp-content\/uploads\/2019\/09\/p3-iwt-img-3.png\" alt=\"g\" width=\"18\" height=\"18\" \/><a href=\"mailto:grandprix@qodeinteractive.com\">grandprix@qodeinteractive.com<\/a>[\/vc_column_text][\/vc_column][vc_column width=&#8221;1\/2&#8243;]\n<div class=\"wpcf7 no-js\" id=\"wpcf7-f272-o2\" lang=\"\" dir=\"ltr\" data-wpcf7-id=\"272\">\n<div class=\"screen-reader-response\"><p role=\"status\" aria-live=\"polite\" aria-atomic=\"true\"><\/p> <ul><\/ul><\/div>\n<form action=\"\/en\/wp-json\/wp\/v2\/pages\/313#wpcf7-f272-o2\" method=\"post\" class=\"wpcf7-form init\" aria-label=\"Contact form\" novalidate=\"novalidate\" data-status=\"init\">\n<fieldset class=\"hidden-fields-container\"><input type=\"hidden\" name=\"_wpcf7\" value=\"272\" \/><input type=\"hidden\" name=\"_wpcf7_version\" value=\"6.1.5\" \/><input type=\"hidden\" name=\"_wpcf7_locale\" value=\"\" \/><input type=\"hidden\" name=\"_wpcf7_unit_tag\" value=\"wpcf7-f272-o2\" \/><input type=\"hidden\" name=\"_wpcf7_container_post\" value=\"0\" \/><input type=\"hidden\" name=\"_wpcf7_posted_data_hash\" value=\"\" \/><input type=\"hidden\" name=\"_wpcf7_recaptcha_response\" value=\"\" \/>\n<\/fieldset>\n<p><label> Nombre y apellidos (requerido)<br \/>\n<span class=\"wpcf7-form-control-wrap\" data-name=\"your-name\"><input size=\"40\" maxlength=\"400\" class=\"wpcf7-form-control wpcf7-text wpcf7-validates-as-required\" aria-required=\"true\" aria-invalid=\"false\" value=\"\" type=\"text\" name=\"your-name\" \/><\/span> <\/label>\n<\/p>\n<p><label> E-mail (requerido)<br \/>\n<span class=\"wpcf7-form-control-wrap\" data-name=\"your-email\"><input size=\"40\" maxlength=\"400\" class=\"wpcf7-form-control wpcf7-email wpcf7-validates-as-required wpcf7-text wpcf7-validates-as-email\" aria-required=\"true\" aria-invalid=\"false\" value=\"\" type=\"email\" name=\"your-email\" \/><\/span> <\/label>\n<\/p>\n<p><label> Asunto<br \/>\n<span class=\"wpcf7-form-control-wrap\" data-name=\"your-subject\"><input size=\"40\" maxlength=\"400\" class=\"wpcf7-form-control wpcf7-text\" aria-invalid=\"false\" value=\"\" type=\"text\" name=\"your-subject\" \/><\/span> <\/label>\n<\/p>\n<p><label> Tu mensaje (requerido)<br \/>\n<span class=\"wpcf7-form-control-wrap\" data-name=\"your-message\"><textarea cols=\"40\" rows=\"10\" maxlength=\"2000\" class=\"wpcf7-form-control wpcf7-textarea wpcf7-validates-as-required\" aria-required=\"true\" aria-invalid=\"false\" name=\"your-message\"><\/textarea><\/span> <\/label>\n<\/p>\n<p><button class=\"wpcf7-form-control wpcf7-submit mkdf-btn mkdf-btn-medium mkdf-btn-solid\" type=\"submit\"><span class=\"mkdf-btn-text\">Enviar<\/span><\/button>\n<\/p><div class=\"wpcf7-response-output\" aria-hidden=\"true\"><\/div>\n<\/form>\n<\/div>\n[\/vc_column][\/vc_row]<\/p>\n<\/div>","protected":false},"excerpt":{"rendered":"<p>[vc_row disable_background_image=&#8221;&#8221;][vc_column offset=&#8221;vc_hidden-md vc_hidden-sm vc_hidden-xs&#8221;][vc_empty_space height=&#8221;105px&#8221;][\/vc_column][\/vc_row][vc_row disable_background_image=&#8221;&#8221; css=&#8221;.vc_custom_1568634188480{padding-top: 36px !important;}&#8221;][vc_column][\/vc_column][\/vc_row][vc_row row_content_width=&#8221;grid&#8221; disable_background_image=&#8221;&#8221; vertical_lines=&#8221;yes&#8221; css=&#8221;.vc_custom_1568375152289{padding-top: 119px !important;padding-bottom: 130px !important;}&#8221;][vc_column css=&#8221;.vc_custom_1568375291782{padding-top: 0px !important;}&#8221; offset=&#8221;vc_col-lg-6&#8243;][vc_empty_space height=&#8221;40px&#8221;][vc_column_text] Headquarters [\/vc_column_text][vc_empty_space height=&#8221;17px&#8221;][vc_empty_space height=&#8221;16px&#8221;][\/vc_column][vc_column css=&#8221;.vc_custom_1568375299030{padding-top: 0px !important;}&#8221; offset=&#8221;vc_col-lg-6&#8243;][\/vc_column][\/vc_row][vc_row disable_element=&#8221;yes&#8221; row_content_width=&#8221;grid&#8221; disable_background_image=&#8221;&#8221; vertical_lines=&#8221;yes&#8221; css=&#8221;.vc_custom_1568373063042{padding-top: 124px !important;padding-bottom: 72px !important;}&#8221;][vc_column width=&#8221;1\/2&#8243;][vc_empty_space height=&#8221;70px&#8221;][vc_column_text] Office in New York [\/vc_column_text][vc_column_text] 7300-7398 Colonial Rd, NY, [&hellip;]<\/p>\n","protected":false},"author":2,"featured_media":0,"parent":0,"menu_order":0,"comment_status":"closed","ping_status":"closed","template":"","meta":{"footnotes":""},"class_list":["post-313","page","type-page","status-publish","hentry"],"_links":{"self":[{"href":"https:\/\/shop.anubesport.com\/en\/wp-json\/wp\/v2\/pages\/313","targetHints":{"allow":["GET"]}}],"collection":[{"href":"https:\/\/shop.anubesport.com\/en\/wp-json\/wp\/v2\/pages"}],"about":[{"href":"https:\/\/shop.anubesport.com\/en\/wp-json\/wp\/v2\/types\/page"}],"author":[{"embeddable":true,"href":"https:\/\/shop.anubesport.com\/en\/wp-json\/wp\/v2\/users\/2"}],"replies":[{"embeddable":true,"href":"https:\/\/shop.anubesport.com\/en\/wp-json\/wp\/v2\/comments?post=313"}],"version-history":[{"count":0,"href":"https:\/\/shop.anubesport.com\/en\/wp-json\/wp\/v2\/pages\/313\/revisions"}],"wp:attachment":[{"href":"https:\/\/shop.anubesport.com\/en\/wp-json\/wp\/v2\/media?parent=313"}],"curies":[{"name":"wp","href":"https:\/\/api.w.org\/{rel}","templated":true}]}}