{"id":4343,"date":"2019-08-06T11:54:55","date_gmt":"2019-08-06T09:54:55","guid":{"rendered":"https:\/\/shop.anubesport.com\/?page_id=4343"},"modified":"2019-08-28T11:50:34","modified_gmt":"2019-08-28T09:50:34","slug":"politica-de-cookies","status":"publish","type":"page","link":"https:\/\/shop.anubesport.com\/en\/politica-de-cookies\/","title":{"rendered":"Pol\u00edtica de Cookies"},"content":{"rendered":"\n<p><\/p>\n\n\n\n<p>Anube I+D+i  S.L, como Responsable de los datos que pudieran tratarse en nuestra web, <a href=\"http:\/\/www.concellodegondomar.gal\">shop.anubesport.com<\/a> utiliza cookies que permiten optimizar el funcionamiento de la web y sus complementos as\u00ed como la obtenci\u00f3n de estad\u00edsticas an\u00f3nimas de uso de la misma.  <br>En cumplimiento con el REGLAMENTO (UE)  2016\/679 DEL PARLAMENTO EUROPEO Y DEL CONSEJO de 27 de abril de 2016  relativo a la protecci\u00f3n de las personas f\u00edsicas en lo que respecta al  tratamiento de datos personales y a la libre circulaci\u00f3n de estos datos,  la Ley Org\u00e1nica 3\/2018, de 5 de diciembre, de Protecci\u00f3n de Datos  Personales y garant\u00eda de los derechos digitales, LOPD y de la LSSI (LEY  34\/2002, de 11 de julio, de servicios de la sociedad de la informaci\u00f3n y  de comercio electr\u00f3nico), queremos informar sobre qu\u00e9 son, cuales utilizamos en nuestra web y c\u00f3mo eliminarlas \/ desactivarlas.<\/p>\n\n\n\n<p><strong>\u00bfQu\u00e9 son las cookies?<\/strong><\/p>\n\n\n\n<p>Son peque\u00f1os archivos de texto y n\u00fameros que se descargan e instalan  en su ordenador o en su m\u00f3vil o tableta a trav\u00e9s de su navegador  (Internet Explorer, Firefox, Chrome, Safari\u2026) o a trav\u00e9s de una  aplicaci\u00f3n Flash. <br>Las cookies permiten que las webs te \u201crecuerden\u201d, ya sea durante una visita&nbsp;o durante varias visitas y almacenen informaci\u00f3n como su carrito de compra pendiente o el inicio de seci\u00f3n.<\/p>\n\n\n\n<p>Aunque se instalen en su disco duro, al ser solo texto o n\u00fameros, no  son capaces por s\u00ed mismas de acceder a informaci\u00f3n personal de tu  ordenador, ni a trasmitir virus, tan solo rastrean la navegaci\u00f3n sobre  un sitio web.<\/p>\n\n\n\n<p><strong>A continuaci\u00f3n, le informamos de las distintas clasificaciones de cookies existentes:<\/strong><\/p>\n\n\n\n<table class=\"wp-block-table\"><tbody><tr><td>\n&nbsp;<strong>COOKIES SEG\u00daN EL PLAZO DE TIEMPO<\/strong>\n<\/td><\/tr><tr><td>\n&nbsp;\nCOOKIES DE SESI\u00d3N\n<\/td><td>\nSon cookies dise\u00f1adas para recabar y almacenar datos mientras el \nusuario accede a una p\u00e1gina web. Se suelen emplear para almacenar \ninformaci\u00f3n que solo interesa conservar para la prestaci\u00f3n del servicio \nsolicitado por el usuario en una sola ocasi\u00f3n.\n<\/td><\/tr><tr><td>\n&nbsp;\nCOOKIES PERSISTENTES\n<\/td><td>\nSon un tipo de cookies en el que los datos siguen almacenados en el \nterminal y a los que se puede acceder y tratar durante un periodo \ndefinido por el responsable de la cookie, y que puede ir de unos minutos\n a varios a\u00f1os.\n<\/td><\/tr><tr><td>\n<strong>COOKIES SEG\u00daN LA ENTIDAD QUE LAS GESTIONE<\/strong>\n<\/td><\/tr><tr><td>\n&nbsp;\nCOOKIES PROPIAS\n<\/td><td>\n&nbsp;\nSon las creadas por el responsable de la p\u00e1gina web.\n<\/td><\/tr><tr><td>\n&nbsp;\nCOOKIES DE TERCEROS\n<\/td><td>\nSon las creadas y gestionas por otras entidades, como prestadores de \nservicios publicitarios, de personalizaci\u00f3n o an\u00e1lisis, estos terceros \nnos pueden reportar datos an\u00f3nimos.\n<\/td><\/tr><tr><td> <strong>COOKIES SEG\u00daN FINALIDAD<\/strong> <\/td><\/tr><tr><td>\n&nbsp;\n&nbsp;\nCOOKIES T\u00c9CNICAS\n<\/td><td>\nSon aqu\u00e9llas que permiten al usuario la navegaci\u00f3n a trav\u00e9s de una \np\u00e1gina web, plataforma o aplicaci\u00f3n y la utilizaci\u00f3n de las diferentes \nopciones o servicios que en ella existan como, por ejemplo, controlar el\n tr\u00e1fico y la comunicaci\u00f3n de datos, identificar la sesi\u00f3n, acceder a \npartes de acceso restringido, recordar los elementos que integran un \npedido, realizar el proceso de compra de un pedido, realizar la \nsolicitud de inscripci\u00f3n o participaci\u00f3n en un evento, utilizar \nelementos de seguridad durante la navegaci\u00f3n, almacenar contenidos para \nla difusi\u00f3n de videos o sonido o compartir contenidos a trav\u00e9s de redes \nsociales\n<\/td><\/tr><\/tbody><\/table>\n\n\n\n<table class=\"wp-block-table\"><tbody><tr><td>\n&nbsp;\nCOOKIES DE PERSONALIZACI\u00d3N\n<\/td><td>\nSon aqu\u00e9llas que permiten al usuario acceder al servicio con algunas \ncaracter\u00edsticas de car\u00e1cter general predefinidas en funci\u00f3n de una serie\n de criterios en el terminal del usuario como por ejemplo serian el \nidioma, el tipo de navegador a trav\u00e9s del cual accede al servicio, la \nconfiguraci\u00f3n regional desde donde accede al servicio, etc.\n<\/td><\/tr><tr><td>\n&nbsp;\nCOOKIES DE AN\u00c1LISIS\n<\/td><td>\nSon aqu\u00e9llas que permiten al responsable de las mismas, el \nseguimiento y an\u00e1lisis del comportamiento de los usuarios de los sitios \nweb a los que est\u00e1n vinculadas. La informaci\u00f3n recogida mediante este \ntipo de cookies se utiliza en la medici\u00f3n de la actividad de los sitios \nweb, aplicaci\u00f3n o plataforma y para la elaboraci\u00f3n de perfiles de \nnavegaci\u00f3n de los usuarios de dichos sitios, aplicaciones y plataformas,\n con el fin de introducir mejoras en funci\u00f3n del an\u00e1lisis de los datos \nde uso que hacen los usuarios del servicio.\n<\/td><\/tr><tr><td>\n&nbsp;\nCOOKIES PUBLICITARIAS\n<\/td><td>\nSon aqu\u00e9llas que permiten la gesti\u00f3n, de la forma m\u00e1s eficaz posible,\n de los espacios publicitarios que, en su caso, el editor haya incluido \nen una p\u00e1gina web, aplicaci\u00f3n o plataforma desde la que presta el \nservicio solicitado en base a criterios como el contenido editado o la \nfrecuencia en la que se muestran los anuncios.\n<\/td><\/tr><tr><td>\n&nbsp;\nCOOKIES DE PUBLICIDAD COMPORTAMENTAL, MARKETING\n<\/td><td>\nSon aqu\u00e9llas que permiten la gesti\u00f3n, de la forma m\u00e1s eficaz posible,\n de los espacios publicitarios que, en su caso, el editor haya incluido \nen una p\u00e1gina web, aplicaci\u00f3n o plataforma desde la que presta el \nservicio solicitado. Estas cookies almacenan informaci\u00f3n del \ncomportamiento de los usuarios obtenida a trav\u00e9s de la observaci\u00f3n \ncontinuada de sus h\u00e1bitos de navegaci\u00f3n, lo que permite desarrollar un \nperfil espec\u00edfico para mostrar publicidad en funci\u00f3n del mismo.\n<\/td><\/tr><\/tbody><\/table>\n\n\n\n<p><strong>CONFIGURACI\u00d3N PERSONALIZADA DE LAS COOKIES<\/strong><\/p>\n\n\n\n<p><strong>A continuaci\u00f3n, definimos el tipo de cookies que utilizamos en nuestra web <\/strong> <strong>cuyo titular es  <\/strong><br>ANUBE IDI S.L.<strong>, y su finalidad:<\/strong><\/p>\n\n\n\n<p>Nuestro sitio web utiliza <strong>cookies t\u00e9cnicas y de personalizaci\u00f3n<\/strong>\n que son imprescindibles para que el sitio web funciones correctamente, \nestas cookies no deben ser deshabilitadas ya que ser\u00eda imposible la \nnavegaci\u00f3n funcional.<\/p>\n\n\n\n<ul class=\"wp-block-list\"><li> <strong>Estad\u00edsticas.<\/strong>  Los servicios contenidos en esta secci\u00f3n permiten al Titular  monitorizar y analizar el tr\u00e1fico web y pueden ser utilizados para  rastrear el comportamiento del Usuario.  Los servicios contenidos en esta secci\u00f3n permiten al Titular monitorizar y analizar el tr\u00e1fico web y pueden ser utilizados para rastrear el comportamiento del Usuario. WordPress Stat (Automattic Inc.) WordPress Stats es un servicio de estad\u00edsticas prestado por Automattic Inc. Datos Personales recogidos: Cookies; Datos de uso. Lugar de tratamiento: EE.UU. \u2013 <a href=\"https:\/\/automattic.com\/privacy\/\">Pol\u00edtica de privacidad<\/a><\/li><li> <strong>Optimizaci\u00f3n y distribuci\u00f3n del tr\u00e1fico<\/strong> Este tipo de servicios permiten a esta P\u00e1gina Web distribuir sus  contenidos a trav\u00e9s de los servidores situados en diversos pa\u00edses y de  optimizar el rendimiento de \u00e9sta.<br> Los Datos Personales tratados  depender\u00e1n de las caracter\u00edsticas y las modalidades de implementaci\u00f3n de  estos servicios, que por su propia naturaleza filtran las  comunicaciones entre esta P\u00e1gina Web y el navegador del Usuario.<br>  Teniendo en cuenta la naturaleza distribuida de este sistema, es dif\u00edcil  determinar la localizaci\u00f3n exacta a la que se transfieren los  contenidos que pueden contener Datos Personales del Usuario. CloudFlare (Cloudflare) CloudFlare es un servicio de optimizaci\u00f3n y distribuci\u00f3n de tr\u00e1fico prestado por CloudFlare Inc.<br>La modalidad de integraci\u00f3n de CloudFlare prev\u00e9 que filtre todo el  tr\u00e1fico de esta P\u00e1gina Web, esto es, las comunicaciones entre esta  P\u00e1gina Web y el navegador del Usuario, permitiendo no obstante la  recogida de datos estad\u00edsticos sobre esta P\u00e1gina Web. Datos Personales recogidos: Cookie y distintas clases de Datos, seg\u00fan se especifica en la Pol\u00edtica de Privacidad del servicio. Lugar de tratamiento: EE.UU. \u2013 <a rel=\"noreferrer noopener\" href=\"https:\/\/www.cloudflare.com\/security-policy\/\" target=\"_blank\">Pol\u00edtica de privacidad<\/a> <\/li><li><strong>Visualizar contenidos de plataformas externas <\/strong>Este tipo de servicios permiten visualizar contenidos alojados en  plataformas externas directamente desde las p\u00e1ginas de esta P\u00e1gina Web e  interactuar con estos.<br> En caso de que se instale uno de estos  servicios, es posible que aunque los Usuarios no utilicen el servicio,  \u00e9ste recoja datos de tr\u00e1fico web relativos a las p\u00e1ginas en las que  est\u00e9n instalados. <br>Widget V\u00eddeo YouTube (Google Inc.) YouTube es un servicio de visualizaci\u00f3n de v\u00eddeo prestado por Google  Inc. que permite a esta P\u00e1gina Web incorporar tales contenidos en las  propias p\u00e1ginas. Datos Personales recogidos: Cookie y Datos de Uso. Lugar de tratamiento: EE.UU. \u2013 <a rel=\"noreferrer noopener\" href=\"https:\/\/www.google.it\/intl\/es\/policies\/privacy\/\" target=\"_blank\">Pol\u00edtica de privacidad<\/a> <br>Widget Google Maps (Google Inc.) Google Maps es un servicio de visualizaci\u00f3n de mapas prestado por  Google Inc. que permite a esta P\u00e1gina Web incorporar tales contenidos en  las propias p\u00e1ginas. Datos Personales recogidos: Cookie y Datos de Uso. Lugar de tratamiento: EE.UU. \u2013 <a rel=\"noreferrer noopener\" href=\"https:\/\/www.google.it\/intl\/es\/policies\/privacy\/\" target=\"_blank\">Pol\u00edtica de privacidad<\/a>  <br> &nbsp; &nbsp; <br><strong>DESACTIVACI\u00d3N DE LAS COOKIES EN SISTEMAS OPERATIVOS MICROSOFT O APPLE<\/strong> <\/li><li>A continuaci\u00f3n, le facilitamos los enlaces con la informaci\u00f3n  necesaria para desactivar las cookies de los navegadores m\u00e1s utilizados: &nbsp;<ul><li><strong>Internet Explorer<\/strong> <a href=\"https:\/\/support.microsoft.com\/es-es\/help\/17442\/windows-internet-explorer-delete-manage-cookies\">M\u00e1s informaci\u00f3n<\/a> <\/li><li><strong>Firefox<\/strong> <a href=\"https:\/\/support.mozilla.org\/es\/kb\/habilitar-y-deshabilitar-cookies-que-los-sitios-we\">M\u00e1s Informaci\u00f3n<\/a> <\/li><li><strong>Chrome<\/strong> <a href=\"https:\/\/support.google.com\/accounts\/answer\/61416?hl=es\">M\u00e1s informaci\u00f3n<\/a> <\/li><li><strong>Opera<\/strong> <a href=\"http:\/\/help.opera.com\/Linux\/10.60\/es-ES\/cookies.html\">M\u00e1s informaci\u00f3n<\/a><\/li><li> <strong>Safari<\/strong> <a href=\"https:\/\/support.apple.com\/es-es\/HT201265\">M\u00e1s Informaci\u00f3n<\/a> <\/li><li><\/li><\/ul><\/li><li>A continuaci\u00f3n, le facilitamos los enlaces con la informaci\u00f3n  necesaria para desactivar las cookies de los navegadores m\u00e1s utilizados: &nbsp; &nbsp;&nbsp;&nbsp;&nbsp;&nbsp;&nbsp;&nbsp;&nbsp;&nbsp;&nbsp;&nbsp;&nbsp; ANDROID IPHONE Y IPAD Firefox <a href=\"https:\/\/support.mozilla.org\/es\/kb\/habilitar-o-deshabilitar-cookies-en-firefox-para-android\"><strong>M\u00e1s informaci\u00f3n<\/strong><\/a> <a href=\"https:\/\/support.mozilla.org\/es\/kb\/limpia-historial-de-navegacion-web-en-firefox-para-ios\">M\u00e1s Informaci\u00f3n<\/a> Chrome <a href=\"https:\/\/support.google.com\/chrome\/answer\/95647?co=GENIE.Platform%3DAndroid&amp;hl=es-419&amp;oco=0\"><strong>M\u00e1s informaci\u00f3n<\/strong><\/a> <a href=\"https:\/\/support.google.com\/chrome\/answer\/95647?co=GENIE.Platform%3DiOS&amp;hl=es-419&amp;oco=0\">M\u00e1s Informaci\u00f3n<\/a> Opera <a href=\"http:\/\/help.opera.com\/Linux\/10.60\/es-ES\/cookies.html\">M\u00e1s Informaci\u00f3n<\/a> <a href=\"http:\/\/help.opera.com\/Windows\/11.50\/es-ES\/cookies.html\">M\u00e1s Informaci\u00f3n<\/a> Safari &nbsp; <a href=\"https:\/\/support.apple.com\/es-es\/HT201265\">M\u00e1s Informaci\u00f3n<\/a> <\/li><li><\/li><li><strong>INHABILITACI\u00d3N COOKIES DE GOOGLE ANALYTICS<\/strong> <\/li><li>Nuestra p\u00e1gina incluye un sistema para la activiaci\u00f3n y desactivaci\u00f3n de las cookies complementarias, puedes verlo en la parte inferior derecha de nuestra p\u00e1gina. <\/li><li>Tambi\u00e9n existe la alternativa a la navegaci\u00f3n en modo Privado. Este  modo permite navegar a trav\u00e9s de las p\u00e1ginas de modo an\u00f3nimo. A  continuaci\u00f3n, te indicamos los enlaces para activar el modo incognito de  los principales navegadores: &nbsp; <br><strong>Explorador<\/strong> <strong>Modo<\/strong> <strong>Enlace<\/strong><\/li><li> Explorer In\u00e9rvate <a href=\"https:\/\/support.microsoft.com\/es-es\/help\/17479\/windows-internet-explorer-11-change-security-privacy-settings\">M\u00e1s Informaci\u00f3n<\/a> <\/li><li>Firefox Navegaci\u00f3n Privada <a href=\"https:\/\/support.mozilla.org\/es\/kb\/navegacion-privada-Firefox-no-guardar-historial-navegacion?redirectlocale=en-US&amp;as=u&amp;redirectslug=Private+Browsing&amp;utm_source=inproduct\">M\u00e1s Informaci\u00f3n<\/a> <\/li><li>Chrome Modo Inc\u00f3gnito <a href=\"https:\/\/support.google.com\/chrome\/answer\/95464?hl=es\">M\u00e1s Informaci\u00f3n <\/a><\/li><li> Safari Navegaci\u00f3n Privada <a href=\"https:\/\/support.apple.com\/kb\/PH17168?locale=en_US&amp;viewlocale=es_ES\">M\u00e1s Informaci\u00f3n<\/a> <\/li><li>Opera Navegaci\u00f3n Privada <a href=\"http:\/\/help.opera.com\/Windows\/12.00\/es-ES\/private.html\">M\u00e1s Informaci\u00f3n<\/a> &nbsp; <\/li><li><\/li><li><strong>Enlaces:<\/strong> Cuando enlazas con noticias o v\u00eddeos  externos a nuestra web, la p\u00e1gina enlazada puede contener otras cookies y  deber\u00e1s visitar su propia pol\u00edtica de cookies para ajustar la  configuraci\u00f3n, ya que son completamente ajenas a nosotros. <\/li><li>Si quieres eliminar la publicidad originada por las cookies de  tercera parte, tambi\u00e9n tienes la opci\u00f3n de instalar en tu navegador un  plugin como&nbsp;Adblock, que bloquee los anuncios. &nbsp; Tambi\u00e9n puedes aplicar las extensiones \u201c<a href=\"https:\/\/www.ghostery.com\/\">Ghostery<\/a>\u201d o \u201c<a href=\"https:\/\/baycloud.com\/bouncer\">Baycloud Bounceer<\/a>\u201d a tu navegador y bloquear individualmente aquellas cookies, plugins y widgets que no te interesen. &nbsp; Puedes obtener m\u00e1s informaci\u00f3n sobre cookies en los siguientes enlaces: <a href=\"http:\/\/www.youronlinechoices.com\/es\/\">Enlace 1<\/a>, <a href=\"http:\/\/www.allaboutcookies.org\/es\/\">Enlace 2<\/a> &nbsp; Por \u00faltimo, puedes&nbsp;gestionar las cookies instaladas por Adobe Flash Player&nbsp;desde la web de Adobe. <\/li><li>Si no encuentras un plugin que permita realizar estas acciones en tu web puedes estudiar la opci\u00f3n que ofrece <a href=\"https:\/\/www.civicuk.com\/cookie-control\/v8\/download\">civicuk<\/a> &nbsp; En cualquier caso, recomendamos hacer una limpieza del historial de  navegaci\u00f3n y de las cookies de tu ordenador de manera sistem\u00e1tica. <\/li><\/ul>\n\n\n\n<p style=\"text-align:center\">[cookie_settings]<\/p>\n","protected":false},"excerpt":{"rendered":"<p>Anube I+D+i S.L, como Responsable de los datos que pudieran tratarse en nuestra web, shop.anubesport.com utiliza cookies que permiten optimizar el funcionamiento de la web y sus complementos as\u00ed como la obtenci\u00f3n de estad\u00edsticas an\u00f3nimas de uso de la misma. En cumplimiento con el REGLAMENTO (UE) 2016\/679 DEL PARLAMENTO EUROPEO Y [&hellip;]<\/p>\n","protected":false},"author":2,"featured_media":0,"parent":0,"menu_order":0,"comment_status":"closed","ping_status":"closed","template":"","meta":{"footnotes":""},"class_list":["post-4343","page","type-page","status-publish","hentry"],"_links":{"self":[{"href":"https:\/\/shop.anubesport.com\/en\/wp-json\/wp\/v2\/pages\/4343","targetHints":{"allow":["GET"]}}],"collection":[{"href":"https:\/\/shop.anubesport.com\/en\/wp-json\/wp\/v2\/pages"}],"about":[{"href":"https:\/\/shop.anubesport.com\/en\/wp-json\/wp\/v2\/types\/page"}],"author":[{"embeddable":true,"href":"https:\/\/shop.anubesport.com\/en\/wp-json\/wp\/v2\/users\/2"}],"replies":[{"embeddable":true,"href":"https:\/\/shop.anubesport.com\/en\/wp-json\/wp\/v2\/comments?post=4343"}],"version-history":[{"count":0,"href":"https:\/\/shop.anubesport.com\/en\/wp-json\/wp\/v2\/pages\/4343\/revisions"}],"wp:attachment":[{"href":"https:\/\/shop.anubesport.com\/en\/wp-json\/wp\/v2\/media?parent=4343"}],"curies":[{"name":"wp","href":"https:\/\/api.w.org\/{rel}","templated":true}]}}