{"id":24356,"date":"2023-07-20T11:30:37","date_gmt":"2023-07-20T09:30:37","guid":{"rendered":"https:\/\/shop.anubesport.com\/?post_type=product&#038;p=24356"},"modified":"2025-02-12T20:13:55","modified_gmt":"2025-02-12T19:13:55","slug":"kit-instalacion-madeira","status":"publish","type":"product","link":"https:\/\/shop.anubesport.com\/fr\/producto\/kit-instalacion-madeira\/","title":{"rendered":"Kit instalaci\u00f3n (Madeira)"},"content":{"rendered":"","protected":false},"excerpt":{"rendered":"<p><span style=\"color: #ff0000\"><strong>ATENCI\u00d3N: No hacemos env\u00edos, se entregar\u00e1n \u00fanicamente en carrera.<\/strong><\/span><\/p>\n<h2><span style=\"color: #ff0000\"><strong>NO COMPATIBLE CON VEH\u00cdCULOS DE 2 RUEDAS<\/strong><\/span><\/h2>\n","protected":false},"featured_media":2573,"template":"","meta":[],"product_brand":[],"product_cat":[334],"product_tag":[56],"class_list":{"0":"post-24356","1":"product","2":"type-product","3":"status-publish","4":"has-post-thumbnail","6":"product_cat-madeira-portugal","7":"product_tag-stella-evo","8":"product_shipping_class-recoger-pedido-en-carrera","10":"first","11":"instock","12":"taxable","13":"shipping-taxable","14":"purchasable","15":"product-type-variable"},"_links":{"self":[{"href":"https:\/\/shop.anubesport.com\/fr\/wp-json\/wp\/v2\/product\/24356","targetHints":{"allow":["GET"]}}],"collection":[{"href":"https:\/\/shop.anubesport.com\/fr\/wp-json\/wp\/v2\/product"}],"about":[{"href":"https:\/\/shop.anubesport.com\/fr\/wp-json\/wp\/v2\/types\/product"}],"wp:featuredmedia":[{"embeddable":true,"href":"https:\/\/shop.anubesport.com\/fr\/wp-json\/wp\/v2\/media\/2573"}],"wp:attachment":[{"href":"https:\/\/shop.anubesport.com\/fr\/wp-json\/wp\/v2\/media?parent=24356"}],"wp:term":[{"taxonomy":"product_brand","embeddable":true,"href":"https:\/\/shop.anubesport.com\/fr\/wp-json\/wp\/v2\/product_brand?post=24356"},{"taxonomy":"product_cat","embeddable":true,"href":"https:\/\/shop.anubesport.com\/fr\/wp-json\/wp\/v2\/product_cat?post=24356"},{"taxonomy":"product_tag","embeddable":true,"href":"https:\/\/shop.anubesport.com\/fr\/wp-json\/wp\/v2\/product_tag?post=24356"}],"curies":[{"name":"wp","href":"https:\/\/api.w.org\/{rel}","templated":true}]}}