{"id":27865,"date":"2024-08-21T13:01:21","date_gmt":"2024-08-21T11:01:21","guid":{"rendered":"https:\/\/shop.anubesport.com\/producto\/kit-tablet-stella-6-africa-eco-race\/"},"modified":"2025-09-26T20:25:24","modified_gmt":"2025-09-26T18:25:24","slug":"kit-tablet-stella-6-africa-eco-race","status":"publish","type":"product","link":"https:\/\/shop.anubesport.com\/fr\/producto\/kit-tablet-stella-6-africa-eco-race\/","title":{"rendered":"Kit Tablet Stella 6 &#8211; car\/ssv\/truck (AER)"},"content":{"rendered":"<p>Les v\u00e9hicules doivent se pr\u00e9senter aux v\u00e9rifications d\u00e9j\u00e0 \u00e9quip\u00e9s des kits install\u00e9s.<\/p>\n<p>Si vous avez besoin d\u2019accessoires ou de kits d\u2019installation, veuillez passer votre commande avant le \n<span class=\"mkdf-highlight\" style=\"color: \u201cwhite\u201d;background-color: \u201cred\u201d\">\n\t 29 novembre 2024<\/span>.<\/p>\n<p><strong>Aucune exp\u00e9dition ne sera effectu\u00e9e vers le Royaume-Uni et d\u2019autres pays en dehors de l\u2019Union europ\u00e9enne, dans ce cas, ils seront remis lors des v\u00e9rifications en Italie.<\/strong><\/p>\n<p>NOTE &#8211; Si vous n\u2019\u00eates pas de l\u2019UE et que vous souhaitez recevoir le kit dans votre pays, vous pouvez demander \u00e0 votre entreprise de transport de r\u00e9cup\u00e9rer la commande dans nos installations. (UPS, DHL, FedEx, \u2026)<\/p>\n","protected":false},"excerpt":{"rendered":"<p>Les voitures \/ SSV \/ camions sont oblig\u00e9s d\u2019installer 1 unit\u00e9 Stella 3 EVO + 1 unit\u00e9 Stella 6.<br \/>\nEn option, et en suppl\u00e9ment, ils peuvent installer une deuxi\u00e8me tablette Stella 6.<br \/>\nPour recevoir l\u2019appareil lou\u00e9, vous devrez montrer une copie de votre commande \u00e0 notre \u00e9quipe.<\/p>\n","protected":false},"featured_media":28251,"template":"","meta":[],"product_brand":[],"product_cat":[53],"product_tag":[438],"class_list":{"0":"post-27865","1":"product","2":"type-product","3":"status-publish","4":"has-post-thumbnail","6":"product_cat-accesorios","7":"product_tag-africa-eco-race-fr","9":"first","10":"instock","11":"taxable","12":"shipping-taxable","13":"purchasable","14":"product-type-simple"},"_links":{"self":[{"href":"https:\/\/shop.anubesport.com\/fr\/wp-json\/wp\/v2\/product\/27865","targetHints":{"allow":["GET"]}}],"collection":[{"href":"https:\/\/shop.anubesport.com\/fr\/wp-json\/wp\/v2\/product"}],"about":[{"href":"https:\/\/shop.anubesport.com\/fr\/wp-json\/wp\/v2\/types\/product"}],"wp:featuredmedia":[{"embeddable":true,"href":"https:\/\/shop.anubesport.com\/fr\/wp-json\/wp\/v2\/media\/28251"}],"wp:attachment":[{"href":"https:\/\/shop.anubesport.com\/fr\/wp-json\/wp\/v2\/media?parent=27865"}],"wp:term":[{"taxonomy":"product_brand","embeddable":true,"href":"https:\/\/shop.anubesport.com\/fr\/wp-json\/wp\/v2\/product_brand?post=27865"},{"taxonomy":"product_cat","embeddable":true,"href":"https:\/\/shop.anubesport.com\/fr\/wp-json\/wp\/v2\/product_cat?post=27865"},{"taxonomy":"product_tag","embeddable":true,"href":"https:\/\/shop.anubesport.com\/fr\/wp-json\/wp\/v2\/product_tag?post=27865"}],"curies":[{"name":"wp","href":"https:\/\/api.w.org\/{rel}","templated":true}]}}