{"id":27936,"date":"2024-08-22T11:00:25","date_gmt":"2024-08-22T09:00:25","guid":{"rendered":"https:\/\/shop.anubesport.com\/?post_type=product&#038;p=27936"},"modified":"2025-03-18T12:31:20","modified_gmt":"2025-03-18T11:31:20","slug":"service-stella-3-evo-aer","status":"publish","type":"product","link":"https:\/\/shop.anubesport.com\/fr\/producto\/service-stella-3-evo-aer\/","title":{"rendered":"Service Stella 3 EVO &#8211; AER"},"content":{"rendered":"<p>Ces dispositifs seront livr\u00e9s lors des v\u00e9rifications de la course en Italie. Les v\u00e9hicules doivent se pr\u00e9senter aux v\u00e9rifications d\u00e9j\u00e0 \u00e9quip\u00e9s des kits install\u00e9s. Si vous avez besoin d\u2019accessoires ou de kits d\u2019installation, veuillez passer votre commande avant le \n<span class=\"mkdf-highlight\" style=\"color: \u201cwhite\u201d;background-color: \u201cred\u201d\">\n\t 29 novembre 2024<\/span>.<\/p>\n","protected":false},"excerpt":{"rendered":"<p>Tous les v\u00e9hicules de HISTORIC \/ RAID sont tenus d\u2019installer le Stella 3 EVO. Pour recevoir l\u2019appareil lou\u00e9, vous devrez montrer une copie de votre commande \u00e0 notre \u00e9quipe avant les v\u00e9rifications en Italie. [mkdf_highlight background_color=\u201cred\u201d color=\u201cwhite\u201d]Cet appareil doit avoir le KIT Stella EVO install\u00e9[\/mkdf_highlight] Kit Stella EVO <a href=\u201chttps:\/\/shop.anubesport.com\/producto\/kit-stella-evo-con-iridium-africa-eco-race\/\u201d>ACHETER ICI<\/a><\/p>\n","protected":false},"featured_media":27834,"template":"","meta":[],"product_brand":[],"product_cat":[53],"product_tag":[438,533],"class_list":{"0":"post-27936","1":"product","2":"type-product","3":"status-publish","4":"has-post-thumbnail","6":"product_cat-accesorios","7":"product_tag-africa-eco-race-fr","8":"product_tag-servicio-fr","10":"first","11":"instock","12":"virtual","13":"taxable","14":"purchasable","15":"product-type-simple"},"_links":{"self":[{"href":"https:\/\/shop.anubesport.com\/fr\/wp-json\/wp\/v2\/product\/27936","targetHints":{"allow":["GET"]}}],"collection":[{"href":"https:\/\/shop.anubesport.com\/fr\/wp-json\/wp\/v2\/product"}],"about":[{"href":"https:\/\/shop.anubesport.com\/fr\/wp-json\/wp\/v2\/types\/product"}],"wp:featuredmedia":[{"embeddable":true,"href":"https:\/\/shop.anubesport.com\/fr\/wp-json\/wp\/v2\/media\/27834"}],"wp:attachment":[{"href":"https:\/\/shop.anubesport.com\/fr\/wp-json\/wp\/v2\/media?parent=27936"}],"wp:term":[{"taxonomy":"product_brand","embeddable":true,"href":"https:\/\/shop.anubesport.com\/fr\/wp-json\/wp\/v2\/product_brand?post=27936"},{"taxonomy":"product_cat","embeddable":true,"href":"https:\/\/shop.anubesport.com\/fr\/wp-json\/wp\/v2\/product_cat?post=27936"},{"taxonomy":"product_tag","embeddable":true,"href":"https:\/\/shop.anubesport.com\/fr\/wp-json\/wp\/v2\/product_tag?post=27936"}],"curies":[{"name":"wp","href":"https:\/\/api.w.org\/{rel}","templated":true}]}}