{"id":29200,"date":"2020-12-21T11:28:23","date_gmt":"2020-12-21T10:28:23","guid":{"rendered":"https:\/\/shop.anubesport.com\/producto\/kit-stella-evo\/"},"modified":"2025-02-11T13:31:36","modified_gmt":"2025-02-11T12:31:36","slug":"kit-stella-evo-iridium","status":"publish","type":"product","link":"https:\/\/shop.anubesport.com\/fr\/producto\/kit-stella-evo-iridium\/","title":{"rendered":"Kit Stella EVO avec iridium"},"content":{"rendered":"","protected":false},"excerpt":{"rendered":"<p><span style=\"color: #ff0000\"><strong>ATTENTION : Nous ne garantissons pas l&rsquo;exp\u00e9dition et la livraison de ce produit si l&rsquo;achat est effectu\u00e9 dans les 15 jours suivant la course s\u00e9lectionn\u00e9e.<\/strong><\/span><\/p>\n<p>Aucun envoi ne sera effectu\u00e9 vers le Royaume-Uni.<\/p>\n","protected":false},"featured_media":29197,"template":"","meta":[],"product_brand":[],"product_cat":[554],"product_tag":[478],"class_list":{"0":"post-29200","1":"product","2":"type-product","3":"status-publish","4":"has-post-thumbnail","6":"product_cat-stella-evo-fr","7":"product_tag-stella-evo-fr","9":"first","10":"instock","11":"taxable","12":"shipping-taxable","13":"purchasable","14":"product-type-variable"},"_links":{"self":[{"href":"https:\/\/shop.anubesport.com\/fr\/wp-json\/wp\/v2\/product\/29200","targetHints":{"allow":["GET"]}}],"collection":[{"href":"https:\/\/shop.anubesport.com\/fr\/wp-json\/wp\/v2\/product"}],"about":[{"href":"https:\/\/shop.anubesport.com\/fr\/wp-json\/wp\/v2\/types\/product"}],"wp:featuredmedia":[{"embeddable":true,"href":"https:\/\/shop.anubesport.com\/fr\/wp-json\/wp\/v2\/media\/29197"}],"wp:attachment":[{"href":"https:\/\/shop.anubesport.com\/fr\/wp-json\/wp\/v2\/media?parent=29200"}],"wp:term":[{"taxonomy":"product_brand","embeddable":true,"href":"https:\/\/shop.anubesport.com\/fr\/wp-json\/wp\/v2\/product_brand?post=29200"},{"taxonomy":"product_cat","embeddable":true,"href":"https:\/\/shop.anubesport.com\/fr\/wp-json\/wp\/v2\/product_cat?post=29200"},{"taxonomy":"product_tag","embeddable":true,"href":"https:\/\/shop.anubesport.com\/fr\/wp-json\/wp\/v2\/product_tag?post=29200"}],"curies":[{"name":"wp","href":"https:\/\/api.w.org\/{rel}","templated":true}]}}