{"id":29305,"date":"2025-02-10T11:15:30","date_gmt":"2025-02-10T10:15:30","guid":{"rendered":"https:\/\/shop.anubesport.com\/?post_type=product&#038;p=29305"},"modified":"2025-07-29T10:48:26","modified_gmt":"2025-07-29T08:48:26","slug":"installation-kit-4-wheels-vehicles-classic-merzouga-1000-copia","status":"publish","type":"product","link":"https:\/\/shop.anubesport.com\/fr\/producto\/installation-kit-4-wheels-vehicles-classic-merzouga-1000-copia\/","title":{"rendered":"Installation Kit,  4 wheels vehicles &#8211; (Classic Merzouga 1000) (copia)"},"content":{"rendered":"<p>Kit d&rsquo;installation complet pour v\u00e9hicules \u00e0 4 roues.<\/p>\n<p><strong><span style=\"color: #ff0000\">Aucun mat\u00e9riel n&rsquo;est livr\u00e9 au Maroc. Tous les participants doivent l&rsquo;acheter \u00e0 l&rsquo;avance et disposer de suffisamment de temps pour le recevoir avant de se rendre \u00e0 l&rsquo;\u00e9v\u00e9nement.<\/span><\/strong><\/p>\n","protected":false},"excerpt":{"rendered":"<p>Kit d&rsquo;installation complet pour v\u00e9hicules \u00e0 4 roues. Aucun mat\u00e9riel n&rsquo;est livr\u00e9 au Maroc. Tous les participants doivent l&rsquo;acheter \u00e0 l&rsquo;avance et disposer de suffisamment de temps pour le recevoir avant de se rendre \u00e0 l&rsquo;\u00e9v\u00e9nement.<\/p>\n","protected":false},"featured_media":28833,"template":"","meta":[],"product_brand":[],"product_cat":[475],"product_tag":[],"class_list":{"0":"post-29305","1":"product","2":"type-product","3":"status-publish","4":"has-post-thumbnail","6":"product_cat-maroc","8":"first","9":"instock","10":"taxable","11":"shipping-taxable","12":"purchasable","13":"product-type-simple"},"_links":{"self":[{"href":"https:\/\/shop.anubesport.com\/fr\/wp-json\/wp\/v2\/product\/29305","targetHints":{"allow":["GET"]}}],"collection":[{"href":"https:\/\/shop.anubesport.com\/fr\/wp-json\/wp\/v2\/product"}],"about":[{"href":"https:\/\/shop.anubesport.com\/fr\/wp-json\/wp\/v2\/types\/product"}],"wp:featuredmedia":[{"embeddable":true,"href":"https:\/\/shop.anubesport.com\/fr\/wp-json\/wp\/v2\/media\/28833"}],"wp:attachment":[{"href":"https:\/\/shop.anubesport.com\/fr\/wp-json\/wp\/v2\/media?parent=29305"}],"wp:term":[{"taxonomy":"product_brand","embeddable":true,"href":"https:\/\/shop.anubesport.com\/fr\/wp-json\/wp\/v2\/product_brand?post=29305"},{"taxonomy":"product_cat","embeddable":true,"href":"https:\/\/shop.anubesport.com\/fr\/wp-json\/wp\/v2\/product_cat?post=29305"},{"taxonomy":"product_tag","embeddable":true,"href":"https:\/\/shop.anubesport.com\/fr\/wp-json\/wp\/v2\/product_tag?post=29305"}],"curies":[{"name":"wp","href":"https:\/\/api.w.org\/{rel}","templated":true}]}}