{"id":29425,"date":"2020-01-15T07:20:26","date_gmt":"2020-01-15T06:20:26","guid":{"rendered":"https:\/\/shop.anubesport.com\/producto\/recambio-botonera-externa-stella-evo\/"},"modified":"2025-02-11T13:30:12","modified_gmt":"2025-02-11T12:30:12","slug":"clavier-externe-stella-evo-piece-detachee","status":"publish","type":"product","link":"https:\/\/shop.anubesport.com\/fr\/producto\/clavier-externe-stella-evo-piece-detachee\/","title":{"rendered":"Clavier externe Stella EVO &#8211; pi\u00e8ce d\u00e9tach\u00e9e"},"content":{"rendered":"","protected":false},"excerpt":{"rendered":"","protected":false},"featured_media":29426,"template":"","meta":[],"product_brand":[],"product_cat":[554],"product_tag":[],"class_list":{"0":"post-29425","1":"product","2":"type-product","3":"status-publish","4":"has-post-thumbnail","6":"product_cat-stella-evo-fr","8":"first","9":"instock","10":"taxable","11":"shipping-taxable","12":"purchasable","13":"product-type-simple"},"_links":{"self":[{"href":"https:\/\/shop.anubesport.com\/fr\/wp-json\/wp\/v2\/product\/29425","targetHints":{"allow":["GET"]}}],"collection":[{"href":"https:\/\/shop.anubesport.com\/fr\/wp-json\/wp\/v2\/product"}],"about":[{"href":"https:\/\/shop.anubesport.com\/fr\/wp-json\/wp\/v2\/types\/product"}],"wp:featuredmedia":[{"embeddable":true,"href":"https:\/\/shop.anubesport.com\/fr\/wp-json\/wp\/v2\/media\/29426"}],"wp:attachment":[{"href":"https:\/\/shop.anubesport.com\/fr\/wp-json\/wp\/v2\/media?parent=29425"}],"wp:term":[{"taxonomy":"product_brand","embeddable":true,"href":"https:\/\/shop.anubesport.com\/fr\/wp-json\/wp\/v2\/product_brand?post=29425"},{"taxonomy":"product_cat","embeddable":true,"href":"https:\/\/shop.anubesport.com\/fr\/wp-json\/wp\/v2\/product_cat?post=29425"},{"taxonomy":"product_tag","embeddable":true,"href":"https:\/\/shop.anubesport.com\/fr\/wp-json\/wp\/v2\/product_tag?post=29425"}],"curies":[{"name":"wp","href":"https:\/\/api.w.org\/{rel}","templated":true}]}}