{"id":29519,"date":"2025-02-18T16:17:19","date_gmt":"2025-02-18T15:17:19","guid":{"rendered":"https:\/\/shop.anubesport.com\/?post_type=product&#038;p=29519"},"modified":"2025-09-12T15:34:31","modified_gmt":"2025-09-12T13:34:31","slug":"kit-stella-evo-avec-iridium-2-roues-copia","status":"publish","type":"product","link":"https:\/\/shop.anubesport.com\/fr\/producto\/kit-stella-evo-avec-iridium-2-roues-copia\/","title":{"rendered":"Kit Stella EVO avec Iridium &#8211; 2 roues (copia)"},"content":{"rendered":"<p>Antenne RF<br \/>\nAntenne satellite IRIDIUM<br \/>\nC\u00e2ble de raccordement SMA<br \/>\nC\u00e2ble d&rsquo;alimentation<br \/>\nSupport m\u00e9tallique Stella EVO<br \/>\nManuel d&rsquo;installation<\/p>\n","protected":false},"excerpt":{"rendered":"<p><span style=\"color: #ff0000\"><strong>ATTENTION : Nous ne garantissons pas l&rsquo;exp\u00e9dition et la livraison de ce produit si l&rsquo;achat est effectu\u00e9 dans les 15 jours suivant la course s\u00e9lectionn\u00e9e.<\/strong><\/span><\/p>\n<p>Aucun envoi ne sera effectu\u00e9 vers le Royaume-Uni.<\/p>\n","protected":false},"featured_media":31148,"template":"","meta":[],"product_brand":[],"product_cat":[453,554],"product_tag":[],"class_list":{"0":"post-29519","1":"product","2":"type-product","3":"status-publish","4":"has-post-thumbnail","6":"product_cat-accessoires-stella","7":"product_cat-stella-evo-fr","9":"first","10":"instock","11":"taxable","12":"shipping-taxable","13":"purchasable","14":"product-type-simple"},"_links":{"self":[{"href":"https:\/\/shop.anubesport.com\/fr\/wp-json\/wp\/v2\/product\/29519","targetHints":{"allow":["GET"]}}],"collection":[{"href":"https:\/\/shop.anubesport.com\/fr\/wp-json\/wp\/v2\/product"}],"about":[{"href":"https:\/\/shop.anubesport.com\/fr\/wp-json\/wp\/v2\/types\/product"}],"wp:featuredmedia":[{"embeddable":true,"href":"https:\/\/shop.anubesport.com\/fr\/wp-json\/wp\/v2\/media\/31148"}],"wp:attachment":[{"href":"https:\/\/shop.anubesport.com\/fr\/wp-json\/wp\/v2\/media?parent=29519"}],"wp:term":[{"taxonomy":"product_brand","embeddable":true,"href":"https:\/\/shop.anubesport.com\/fr\/wp-json\/wp\/v2\/product_brand?post=29519"},{"taxonomy":"product_cat","embeddable":true,"href":"https:\/\/shop.anubesport.com\/fr\/wp-json\/wp\/v2\/product_cat?post=29519"},{"taxonomy":"product_tag","embeddable":true,"href":"https:\/\/shop.anubesport.com\/fr\/wp-json\/wp\/v2\/product_tag?post=29519"}],"curies":[{"name":"wp","href":"https:\/\/api.w.org\/{rel}","templated":true}]}}