{"id":29769,"date":"2025-03-05T13:58:56","date_gmt":"2025-03-05T12:58:56","guid":{"rendered":"https:\/\/shop.anubesport.com\/?post_type=product&#038;p=29769"},"modified":"2025-03-18T12:31:17","modified_gmt":"2025-03-18T11:31:17","slug":"location-stella-evo-ro-rally-marathon","status":"publish","type":"product","link":"https:\/\/shop.anubesport.com\/fr\/producto\/location-stella-evo-ro-rally-marathon\/","title":{"rendered":"Location Stella EVO (Ro Rally Marathon)"},"content":{"rendered":"<p><strong>Service de location d&rsquo;\u00e9quipement Stella EVO pour le Ro Rally Marathon<\/strong><\/p>\n<p>Tous les participants doivent avoir le Kit install\u00e9 avant de passer les v\u00e9rifications techniques<\/p>\n","protected":false},"excerpt":{"rendered":"<p>Service de location d&rsquo;\u00e9quipement Stella EVO pour le Ro Rally Marathon Tous les participants doivent avoir le Kit install\u00e9 avant de passer les v\u00e9rifications techniques<\/p>\n","protected":false},"featured_media":29272,"template":"","meta":[],"product_brand":[],"product_cat":[513],"product_tag":[533],"class_list":{"0":"post-29769","1":"product","2":"type-product","3":"status-publish","4":"has-post-thumbnail","6":"product_cat-ro-rally-marathon-fr","7":"product_tag-servicio-fr","9":"first","10":"instock","11":"virtual","12":"taxable","13":"purchasable","14":"product-type-simple"},"_links":{"self":[{"href":"https:\/\/shop.anubesport.com\/fr\/wp-json\/wp\/v2\/product\/29769","targetHints":{"allow":["GET"]}}],"collection":[{"href":"https:\/\/shop.anubesport.com\/fr\/wp-json\/wp\/v2\/product"}],"about":[{"href":"https:\/\/shop.anubesport.com\/fr\/wp-json\/wp\/v2\/types\/product"}],"wp:featuredmedia":[{"embeddable":true,"href":"https:\/\/shop.anubesport.com\/fr\/wp-json\/wp\/v2\/media\/29272"}],"wp:attachment":[{"href":"https:\/\/shop.anubesport.com\/fr\/wp-json\/wp\/v2\/media?parent=29769"}],"wp:term":[{"taxonomy":"product_brand","embeddable":true,"href":"https:\/\/shop.anubesport.com\/fr\/wp-json\/wp\/v2\/product_brand?post=29769"},{"taxonomy":"product_cat","embeddable":true,"href":"https:\/\/shop.anubesport.com\/fr\/wp-json\/wp\/v2\/product_cat?post=29769"},{"taxonomy":"product_tag","embeddable":true,"href":"https:\/\/shop.anubesport.com\/fr\/wp-json\/wp\/v2\/product_tag?post=29769"}],"curies":[{"name":"wp","href":"https:\/\/api.w.org\/{rel}","templated":true}]}}