{"id":29795,"date":"2025-03-05T14:06:10","date_gmt":"2025-03-05T13:06:10","guid":{"rendered":"https:\/\/shop.anubesport.com\/producto\/kit-spica-ro-rally-marathon\/"},"modified":"2025-03-05T19:17:13","modified_gmt":"2025-03-05T18:17:13","slug":"kit-spica-ro-rally-marathon","status":"publish","type":"product","link":"https:\/\/shop.anubesport.com\/fr\/producto\/kit-spica-ro-rally-marathon\/","title":{"rendered":"Kit Spica (Ro Rally Marathon)"},"content":{"rendered":"<ul>\n<li> Support m\u00e9tallique pour Spica <\/li>\n<li> \u00c9lastiques <\/li>\n<li> C\u00e2ble d&rsquo;alimentation <\/li>\n<\/ul>\n","protected":false},"excerpt":{"rendered":"<p>Support m\u00e9tallique pour Spica \u00c9lastiques C\u00e2ble d&rsquo;alimentation<\/p>\n","protected":false},"featured_media":29796,"template":"","meta":[],"product_brand":[],"product_cat":[513],"product_tag":[518],"class_list":{"0":"post-29795","1":"product","2":"type-product","3":"status-publish","4":"has-post-thumbnail","6":"product_cat-ro-rally-marathon-fr","7":"product_tag-spica-fr","8":"product_shipping_class-recoger-pedido-en-carrera-fr","10":"first","11":"instock","12":"taxable","13":"shipping-taxable","14":"purchasable","15":"product-type-simple"},"_links":{"self":[{"href":"https:\/\/shop.anubesport.com\/fr\/wp-json\/wp\/v2\/product\/29795","targetHints":{"allow":["GET"]}}],"collection":[{"href":"https:\/\/shop.anubesport.com\/fr\/wp-json\/wp\/v2\/product"}],"about":[{"href":"https:\/\/shop.anubesport.com\/fr\/wp-json\/wp\/v2\/types\/product"}],"wp:featuredmedia":[{"embeddable":true,"href":"https:\/\/shop.anubesport.com\/fr\/wp-json\/wp\/v2\/media\/29796"}],"wp:attachment":[{"href":"https:\/\/shop.anubesport.com\/fr\/wp-json\/wp\/v2\/media?parent=29795"}],"wp:term":[{"taxonomy":"product_brand","embeddable":true,"href":"https:\/\/shop.anubesport.com\/fr\/wp-json\/wp\/v2\/product_brand?post=29795"},{"taxonomy":"product_cat","embeddable":true,"href":"https:\/\/shop.anubesport.com\/fr\/wp-json\/wp\/v2\/product_cat?post=29795"},{"taxonomy":"product_tag","embeddable":true,"href":"https:\/\/shop.anubesport.com\/fr\/wp-json\/wp\/v2\/product_tag?post=29795"}],"curies":[{"name":"wp","href":"https:\/\/api.w.org\/{rel}","templated":true}]}}