{"id":30385,"date":"2025-05-16T22:59:45","date_gmt":"2025-05-16T20:59:45","guid":{"rendered":"https:\/\/shop.anubesport.com\/?post_type=product&#038;p=30385"},"modified":"2025-05-20T19:02:33","modified_gmt":"2025-05-20T17:02:33","slug":"location-stella-evo-1000-dunas","status":"publish","type":"product","link":"https:\/\/shop.anubesport.com\/fr\/producto\/location-stella-evo-1000-dunas\/","title":{"rendered":"Location Stella EVO (1000 dunas)"},"content":{"rendered":"<p><strong>Service de location d&rsquo;\u00e9quipement Stella EVO pour 1000 dunas<\/strong><\/p>\n<p>Tous les participants doivent avoir le Kit install\u00e9 avant de passer les v\u00e9rifications techniques<\/p>\n","protected":false},"excerpt":{"rendered":"<p>Service de location d&rsquo;\u00e9quipement Stella EVO pour 1000 dunas Tous les participants doivent avoir le Kit install\u00e9 avant de passer les v\u00e9rifications techniques<\/p>\n","protected":false},"featured_media":29272,"template":"","meta":[],"product_brand":[],"product_cat":[53],"product_tag":[533],"class_list":{"0":"post-30385","1":"product","2":"type-product","3":"status-publish","4":"has-post-thumbnail","6":"product_cat-accesorios","7":"product_tag-servicio-fr","9":"first","10":"instock","11":"virtual","12":"taxable","13":"purchasable","14":"product-type-simple"},"_links":{"self":[{"href":"https:\/\/shop.anubesport.com\/fr\/wp-json\/wp\/v2\/product\/30385","targetHints":{"allow":["GET"]}}],"collection":[{"href":"https:\/\/shop.anubesport.com\/fr\/wp-json\/wp\/v2\/product"}],"about":[{"href":"https:\/\/shop.anubesport.com\/fr\/wp-json\/wp\/v2\/types\/product"}],"wp:featuredmedia":[{"embeddable":true,"href":"https:\/\/shop.anubesport.com\/fr\/wp-json\/wp\/v2\/media\/29272"}],"wp:attachment":[{"href":"https:\/\/shop.anubesport.com\/fr\/wp-json\/wp\/v2\/media?parent=30385"}],"wp:term":[{"taxonomy":"product_brand","embeddable":true,"href":"https:\/\/shop.anubesport.com\/fr\/wp-json\/wp\/v2\/product_brand?post=30385"},{"taxonomy":"product_cat","embeddable":true,"href":"https:\/\/shop.anubesport.com\/fr\/wp-json\/wp\/v2\/product_cat?post=30385"},{"taxonomy":"product_tag","embeddable":true,"href":"https:\/\/shop.anubesport.com\/fr\/wp-json\/wp\/v2\/product_tag?post=30385"}],"curies":[{"name":"wp","href":"https:\/\/api.w.org\/{rel}","templated":true}]}}