{"id":30612,"date":"2025-06-23T20:26:48","date_gmt":"2025-06-23T18:26:48","guid":{"rendered":"https:\/\/shop.anubesport.com\/?post_type=product&#038;p=30612"},"modified":"2026-03-31T19:53:51","modified_gmt":"2026-03-31T17:53:51","slug":"kit-stella-evo-avec-iridium-2","status":"publish","type":"product","link":"https:\/\/shop.anubesport.com\/fr\/producto\/kit-stella-evo-avec-iridium-2\/","title":{"rendered":"Kit Stella EVO avec iridium"},"content":{"rendered":"","protected":false},"excerpt":{"rendered":"<p><span style=\"color: #ff0000\"><strong>ATTENTION : Nous ne garantissons pas l&rsquo;exp\u00e9dition et la livraison de ce produit si l&rsquo;achat est effectu\u00e9 dans les 15 jours suivant la course s\u00e9lectionn\u00e9e.<\/strong><\/span><\/p>\n<p>Aucun envoi ne sera effectu\u00e9 vers le Royaume-Uni.<\/p>\n","protected":false},"featured_media":29197,"template":"","meta":[],"product_brand":[],"product_cat":[451],"product_tag":[478],"class_list":{"0":"post-30612","1":"product","2":"type-product","3":"status-publish","4":"has-post-thumbnail","6":"product_cat-accessoires","7":"product_tag-stella-evo-fr","9":"first","10":"instock","11":"taxable","12":"shipping-taxable","13":"purchasable","14":"product-type-variable"},"_links":{"self":[{"href":"https:\/\/shop.anubesport.com\/fr\/wp-json\/wp\/v2\/product\/30612","targetHints":{"allow":["GET"]}}],"collection":[{"href":"https:\/\/shop.anubesport.com\/fr\/wp-json\/wp\/v2\/product"}],"about":[{"href":"https:\/\/shop.anubesport.com\/fr\/wp-json\/wp\/v2\/types\/product"}],"wp:featuredmedia":[{"embeddable":true,"href":"https:\/\/shop.anubesport.com\/fr\/wp-json\/wp\/v2\/media\/29197"}],"wp:attachment":[{"href":"https:\/\/shop.anubesport.com\/fr\/wp-json\/wp\/v2\/media?parent=30612"}],"wp:term":[{"taxonomy":"product_brand","embeddable":true,"href":"https:\/\/shop.anubesport.com\/fr\/wp-json\/wp\/v2\/product_brand?post=30612"},{"taxonomy":"product_cat","embeddable":true,"href":"https:\/\/shop.anubesport.com\/fr\/wp-json\/wp\/v2\/product_cat?post=30612"},{"taxonomy":"product_tag","embeddable":true,"href":"https:\/\/shop.anubesport.com\/fr\/wp-json\/wp\/v2\/product_tag?post=30612"}],"curies":[{"name":"wp","href":"https:\/\/api.w.org\/{rel}","templated":true}]}}