{"id":30772,"date":"2025-07-31T11:24:55","date_gmt":"2025-07-31T09:24:55","guid":{"rendered":"https:\/\/shop.anubesport.com\/producto\/soporte-spica-rallyclassics-africa\/"},"modified":"2025-07-31T11:39:43","modified_gmt":"2025-07-31T09:39:43","slug":"soporte-spica-rallyclassics-africa","status":"publish","type":"product","link":"https:\/\/shop.anubesport.com\/fr\/producto\/soporte-spica-rallyclassics-africa\/","title":{"rendered":"Support SPICA &#8211; RALLYCLASSICS AFRICA"},"content":{"rendered":"<ul>\n<li><strong>Support Spica<\/strong> : \u00c9l\u00e9ment de fixation pour le syst\u00e8me SPICA, utilis\u00e9 en navigation ou chronom\u00e9trage.<\/li>\n<li><strong>\u00c9lastiques de fixation SPICA<\/strong> : Bandes \u00e9lastiques r\u00e9sistantes pour fixer le dispositif SPICA \u00e0 son support.<\/li>\n<\/ul>\n","protected":false},"excerpt":{"rendered":"<ul>\n<li><strong>Support Spica<\/strong> : \u00c9l\u00e9ment de fixation pour le syst\u00e8me SPICA, utilis\u00e9 en navigation ou chronom\u00e9trage.<\/li>\n<li><strong>\u00c9lastiques de fixation SPICA<\/strong> : Bandes \u00e9lastiques r\u00e9sistantes pour fixer le dispositif SPICA \u00e0 son support.<\/li>\n<li><\/li>\n<\/ul>\n","protected":false},"featured_media":30773,"template":"","meta":[],"product_brand":[],"product_cat":[451],"product_tag":[],"class_list":{"0":"post-30772","1":"product","2":"type-product","3":"status-publish","4":"has-post-thumbnail","6":"product_cat-accessoires","7":"product_shipping_class-recoger-pedido-en-carrera-fr","9":"first","10":"instock","11":"taxable","12":"shipping-taxable","13":"purchasable","14":"product-type-simple"},"_links":{"self":[{"href":"https:\/\/shop.anubesport.com\/fr\/wp-json\/wp\/v2\/product\/30772","targetHints":{"allow":["GET"]}}],"collection":[{"href":"https:\/\/shop.anubesport.com\/fr\/wp-json\/wp\/v2\/product"}],"about":[{"href":"https:\/\/shop.anubesport.com\/fr\/wp-json\/wp\/v2\/types\/product"}],"wp:featuredmedia":[{"embeddable":true,"href":"https:\/\/shop.anubesport.com\/fr\/wp-json\/wp\/v2\/media\/30773"}],"wp:attachment":[{"href":"https:\/\/shop.anubesport.com\/fr\/wp-json\/wp\/v2\/media?parent=30772"}],"wp:term":[{"taxonomy":"product_brand","embeddable":true,"href":"https:\/\/shop.anubesport.com\/fr\/wp-json\/wp\/v2\/product_brand?post=30772"},{"taxonomy":"product_cat","embeddable":true,"href":"https:\/\/shop.anubesport.com\/fr\/wp-json\/wp\/v2\/product_cat?post=30772"},{"taxonomy":"product_tag","embeddable":true,"href":"https:\/\/shop.anubesport.com\/fr\/wp-json\/wp\/v2\/product_tag?post=30772"}],"curies":[{"name":"wp","href":"https:\/\/api.w.org\/{rel}","templated":true}]}}