{"id":31314,"date":"2025-09-26T15:41:40","date_gmt":"2025-09-26T13:41:40","guid":{"rendered":"https:\/\/shop.anubesport.com\/?post_type=product&#038;p=31314"},"modified":"2026-01-14T14:17:23","modified_gmt":"2026-01-14T13:17:23","slug":"mando-a-distancia-dedicado-con-cable-para-stella-5-version-moto","status":"publish","type":"product","link":"https:\/\/shop.anubesport.com\/fr\/producto\/mando-a-distancia-dedicado-con-cable-para-stella-5-version-moto\/","title":{"rendered":"Mando a distancia dedicado con cable para Stella 5 (versi\u00f3n MOTO)"},"content":{"rendered":"<p class=\"p1\">En\u00a0<b>DR001<\/b>\u00a0es el mando a distancia con cable definitivo,\u00a0<strong>dise\u00f1ado para la tablet Stella 5 (para Motos)<\/strong>, que ofrece una funcionalidad, durabilidad y adaptabilidad inigualables para aventuras en carretera o fuera de ella. Junto con su innovador\u00a0<b>Bot\u00f3n de verificaci\u00f3n<\/b>este mando a distancia est\u00e1 dise\u00f1ado para adaptarse a la aplicaci\u00f3n Android en funcionamiento, proporcionando un control din\u00e1mico y vers\u00e1til (<i>ver aplicaciones compatibles m\u00e1s abajo<\/i>).<\/p>\n<div class=\"eic-container eic-container-desktop\">\n<div class=\"eic-frame eic-frame-32061 eic-frame-square\" data-layout-name=\"square\" data-orig-width=\"150\" data-orig-border=\"0\" data-ratio=\"1.1\"><\/div>\n<\/div>\n<p class=\"p1\">El DR001 incluye una abrazadera de fijaci\u00f3n de alta resistencia dise\u00f1ada para un ajuste seguro en todos los manillares. Esta innovadora soluci\u00f3n utiliza un\u00a0<b>perno \u00fanico<\/b>\u00a0para una instalaci\u00f3n f\u00e1cil y eficaz, garantizando al mismo tiempo\u00a0<b>acceso sin obst\u00e1culos al tornillo situado detr\u00e1s de la maneta de embrague<\/b>.<\/p>\n<p class=\"p3\">&#8211;<b>Ergonom\u00eda mejorada:<\/b>\u00a0Disposici\u00f3n optimizada de los botones para facilitar su uso, incluso con guantes.<\/p>\n<p class=\"p3\">&#8211;<b>Control dedicado del libro de ruta:<\/b>\u00a0Funcionalidad de conmutaci\u00f3n suave y fiable para la navegaci\u00f3n roadbook.<\/p>\n<p class=\"p3\">&#8211;<b>Construcci\u00f3n duradera:<\/b>\u00a0Construido en aluminio CNC, anodizado en negro para una mayor resistencia al desgaste.<\/p>\n<p class=\"p3\">&#8211;<b>Protecci\u00f3n contra el agua y el polvo:<\/b>\u00a0Construido para resistir los duros entornos todoterreno, incluidos los conectores totalmente protegidos.<\/p>\n<p class=\"p3\">&#8211;<b>F\u00e1cil instalaci\u00f3n:<\/b>\u00a0Dise\u00f1o plug-and-play sencillo.<\/p>\n<p>&nbsp;<\/p>\n<h4 class=\"p1\"><b>El paquete incluye:<\/b><b><\/b><\/h4>\n<p class=\"p3\">-DR001 mando a distancia y cable de conexi\u00f3n.<\/p>\n<p class=\"p3\">-Pinza de fijaci\u00f3n y perno.<\/p>\n","protected":false},"excerpt":{"rendered":"<p>En\u00a0<b>DR001<\/b>\u00a0es el mando a distancia con cable definitivo,\u00a0<strong>dise\u00f1ado para la tablet Stella 5 (para Motos)<\/strong>, que ofrece una funcionalidad, durabilidad y adaptabilidad inigualables para aventuras en carretera o fuera de ella. Junto con su innovador\u00a0<b>Bot\u00f3n de verificaci\u00f3n <\/b>este mando a distancia est\u00e1 dise\u00f1ado para adaptarse a la aplicaci\u00f3n Android en funcionamiento, proporcionando un control din\u00e1mico y vers\u00e1til<\/p>\n","protected":false},"featured_media":31315,"template":"","meta":[],"product_brand":[],"product_cat":[591],"product_tag":[592],"class_list":{"0":"post-31314","1":"product","2":"type-product","3":"status-publish","4":"has-post-thumbnail","6":"product_cat-stella-5","7":"product_tag-stella-5","9":"first","10":"instock","11":"taxable","12":"shipping-taxable","13":"purchasable","14":"product-type-simple"},"_links":{"self":[{"href":"https:\/\/shop.anubesport.com\/fr\/wp-json\/wp\/v2\/product\/31314","targetHints":{"allow":["GET"]}}],"collection":[{"href":"https:\/\/shop.anubesport.com\/fr\/wp-json\/wp\/v2\/product"}],"about":[{"href":"https:\/\/shop.anubesport.com\/fr\/wp-json\/wp\/v2\/types\/product"}],"wp:featuredmedia":[{"embeddable":true,"href":"https:\/\/shop.anubesport.com\/fr\/wp-json\/wp\/v2\/media\/31315"}],"wp:attachment":[{"href":"https:\/\/shop.anubesport.com\/fr\/wp-json\/wp\/v2\/media?parent=31314"}],"wp:term":[{"taxonomy":"product_brand","embeddable":true,"href":"https:\/\/shop.anubesport.com\/fr\/wp-json\/wp\/v2\/product_brand?post=31314"},{"taxonomy":"product_cat","embeddable":true,"href":"https:\/\/shop.anubesport.com\/fr\/wp-json\/wp\/v2\/product_cat?post=31314"},{"taxonomy":"product_tag","embeddable":true,"href":"https:\/\/shop.anubesport.com\/fr\/wp-json\/wp\/v2\/product_tag?post=31314"}],"curies":[{"name":"wp","href":"https:\/\/api.w.org\/{rel}","templated":true}]}}