{"id":32275,"date":"2026-01-29T16:59:36","date_gmt":"2026-01-29T15:59:36","guid":{"rendered":"https:\/\/shop.anubesport.com\/?post_type=product&#038;p=32275"},"modified":"2026-03-27T17:29:32","modified_gmt":"2026-03-27T16:29:32","slug":"location-stella-evo-6-days-adventure-galicia-european-championship","status":"publish","type":"product","link":"https:\/\/shop.anubesport.com\/fr\/producto\/location-stella-evo-6-days-adventure-galicia-european-championship\/","title":{"rendered":"Location Stella EVO 6 Days\u00a0 ADVENTURE GALICIA,\u00a0 European Championship &#8211; From 12 to 18 de Abril 2026."},"content":{"rendered":"<p><strong>Service de location d&rsquo;\u00e9quipement Stella EVO pour le <span style=\"color: #ff0000\">6 Days\u00a0 <\/span><span style=\"color: #ff0000\">ADVENTURE GALICIA<\/span>,\u00a0 <span style=\"color: #000000\">European Championship<\/span> &#8211; <span style=\"color: #ff0000\">From 12 to 18 de Abril 2026<\/span>.<\/strong><\/p>\n<p>Tous les participants doivent avoir le Kit install\u00e9 avant de passer les v\u00e9rifications techniques<\/p>\n<p><strong><span style=\"color: #ff0000\">LE MONTANT DE LA LOCATION AUGMENTERA DE 25 % PENDANT LES V\u00c9RIFICATIONS<\/span><\/strong><\/p>\n","protected":false},"excerpt":{"rendered":"<p>Service de location d&rsquo;\u00e9quipement Stella EVO pour le 6 Days\u00a0 ADVENTURE GALICIA,\u00a0 European Championship &#8211; From 12 to 18 de Abril 2026. Tous les participants doivent avoir le Kit install\u00e9 avant de passer les v\u00e9rifications techniques LE MONTANT DE LA LOCATION AUGMENTERA DE 25 % PENDANT LES V\u00c9RIFICATIONS<\/p>\n","protected":false},"featured_media":32333,"template":"","meta":[],"product_brand":[],"product_cat":[508],"product_tag":[533],"class_list":{"0":"post-32275","1":"product","2":"type-product","3":"status-publish","4":"has-post-thumbnail","6":"product_cat-adventure-galicia-fr","7":"product_tag-servicio-fr","9":"first","10":"instock","11":"virtual","12":"taxable","13":"purchasable","14":"product-type-simple"},"_links":{"self":[{"href":"https:\/\/shop.anubesport.com\/fr\/wp-json\/wp\/v2\/product\/32275","targetHints":{"allow":["GET"]}}],"collection":[{"href":"https:\/\/shop.anubesport.com\/fr\/wp-json\/wp\/v2\/product"}],"about":[{"href":"https:\/\/shop.anubesport.com\/fr\/wp-json\/wp\/v2\/types\/product"}],"wp:featuredmedia":[{"embeddable":true,"href":"https:\/\/shop.anubesport.com\/fr\/wp-json\/wp\/v2\/media\/32333"}],"wp:attachment":[{"href":"https:\/\/shop.anubesport.com\/fr\/wp-json\/wp\/v2\/media?parent=32275"}],"wp:term":[{"taxonomy":"product_brand","embeddable":true,"href":"https:\/\/shop.anubesport.com\/fr\/wp-json\/wp\/v2\/product_brand?post=32275"},{"taxonomy":"product_cat","embeddable":true,"href":"https:\/\/shop.anubesport.com\/fr\/wp-json\/wp\/v2\/product_cat?post=32275"},{"taxonomy":"product_tag","embeddable":true,"href":"https:\/\/shop.anubesport.com\/fr\/wp-json\/wp\/v2\/product_tag?post=32275"}],"curies":[{"name":"wp","href":"https:\/\/api.w.org\/{rel}","templated":true}]}}