{"id":32283,"date":"2026-01-29T17:02:31","date_gmt":"2026-01-29T16:02:31","guid":{"rendered":"https:\/\/shop.anubesport.com\/?post_type=product&#038;p=32283"},"modified":"2026-01-29T17:04:20","modified_gmt":"2026-01-29T16:04:20","slug":"kit-stella-evo-avec-iridium-1000-dunas-copia","status":"publish","type":"product","link":"https:\/\/shop.anubesport.com\/fr\/producto\/kit-stella-evo-avec-iridium-1000-dunas-copia\/","title":{"rendered":"Kit Stella EVO avec iridium (1000 dunas) (copia)"},"content":{"rendered":"","protected":false},"excerpt":{"rendered":"<p><span style=\"color: #ff0000\"><strong>ATTENTION : Nous ne garantissons pas l&rsquo;exp\u00e9dition et la livraison de ce produit si l&rsquo;achat est effectu\u00e9 dans les 15 jours suivant la course s\u00e9lectionn\u00e9e.<\/strong><\/span><\/p>\n<p>Aucun envoi ne sera effectu\u00e9 vers le Royaume-Uni.<\/p>\n","protected":false},"featured_media":31148,"template":"","meta":[],"product_brand":[],"product_cat":[508],"product_tag":[478],"class_list":{"0":"post-32283","1":"product","2":"type-product","3":"status-publish","4":"has-post-thumbnail","6":"product_cat-adventure-galicia-fr","7":"product_tag-stella-evo-fr","9":"first","10":"instock","11":"taxable","12":"shipping-taxable","13":"purchasable","14":"product-type-variable"},"_links":{"self":[{"href":"https:\/\/shop.anubesport.com\/fr\/wp-json\/wp\/v2\/product\/32283","targetHints":{"allow":["GET"]}}],"collection":[{"href":"https:\/\/shop.anubesport.com\/fr\/wp-json\/wp\/v2\/product"}],"about":[{"href":"https:\/\/shop.anubesport.com\/fr\/wp-json\/wp\/v2\/types\/product"}],"wp:featuredmedia":[{"embeddable":true,"href":"https:\/\/shop.anubesport.com\/fr\/wp-json\/wp\/v2\/media\/31148"}],"wp:attachment":[{"href":"https:\/\/shop.anubesport.com\/fr\/wp-json\/wp\/v2\/media?parent=32283"}],"wp:term":[{"taxonomy":"product_brand","embeddable":true,"href":"https:\/\/shop.anubesport.com\/fr\/wp-json\/wp\/v2\/product_brand?post=32283"},{"taxonomy":"product_cat","embeddable":true,"href":"https:\/\/shop.anubesport.com\/fr\/wp-json\/wp\/v2\/product_cat?post=32283"},{"taxonomy":"product_tag","embeddable":true,"href":"https:\/\/shop.anubesport.com\/fr\/wp-json\/wp\/v2\/product_tag?post=32283"}],"curies":[{"name":"wp","href":"https:\/\/api.w.org\/{rel}","templated":true}]}}