{"id":32475,"date":"2026-02-18T17:22:53","date_gmt":"2026-02-18T16:22:53","guid":{"rendered":"https:\/\/shop.anubesport.com\/?post_type=product&#038;p=32475"},"modified":"2026-03-05T16:16:50","modified_gmt":"2026-03-05T15:16:50","slug":"kit-stella-6-roadbook-rally-classics-africa-copia-copia","status":"publish","type":"product","link":"https:\/\/shop.anubesport.com\/fr\/producto\/kit-stella-6-roadbook-rally-classics-africa-copia-copia\/","title":{"rendered":"Kit Stella 6 Roadbook &#8211; Rally Classics Africa (copia) (copia)"},"content":{"rendered":"<p><strong>Kit d\u2019installation du Stella 6 Roadbook<\/strong><\/p>\n<p>Comprend :<\/p>\n<ul>\n<li>Support en aluminium pour Stella Roadbook avec velcro de fixation frontale<\/li>\n<li>Antenne GPS \/ Glonass<\/li>\n<li>Antenne radio<\/li>\n<li>C\u00e2ble d\u2019alimentation<\/li>\n<li>T\u00e9l\u00e9commande<\/li>\n<\/ul>\n<p>&nbsp;<\/p>\n","protected":false},"excerpt":{"rendered":"<p><strong>Kit d\u2019installation Stella Roadbook<\/strong> Ce kit fournit tous les \u00e9l\u00e9ments essentiels pour installer votre Stella Roadbook lors de comp\u00e9titions<\/p>\n","protected":false},"featured_media":27867,"template":"","meta":[],"product_brand":[],"product_cat":[53],"product_tag":[],"class_list":{"0":"post-32475","1":"product","2":"type-product","3":"status-publish","4":"has-post-thumbnail","6":"product_cat-accesorios","8":"first","9":"instock","10":"taxable","11":"shipping-taxable","12":"purchasable","13":"product-type-simple"},"_links":{"self":[{"href":"https:\/\/shop.anubesport.com\/fr\/wp-json\/wp\/v2\/product\/32475","targetHints":{"allow":["GET"]}}],"collection":[{"href":"https:\/\/shop.anubesport.com\/fr\/wp-json\/wp\/v2\/product"}],"about":[{"href":"https:\/\/shop.anubesport.com\/fr\/wp-json\/wp\/v2\/types\/product"}],"wp:featuredmedia":[{"embeddable":true,"href":"https:\/\/shop.anubesport.com\/fr\/wp-json\/wp\/v2\/media\/27867"}],"wp:attachment":[{"href":"https:\/\/shop.anubesport.com\/fr\/wp-json\/wp\/v2\/media?parent=32475"}],"wp:term":[{"taxonomy":"product_brand","embeddable":true,"href":"https:\/\/shop.anubesport.com\/fr\/wp-json\/wp\/v2\/product_brand?post=32475"},{"taxonomy":"product_cat","embeddable":true,"href":"https:\/\/shop.anubesport.com\/fr\/wp-json\/wp\/v2\/product_cat?post=32475"},{"taxonomy":"product_tag","embeddable":true,"href":"https:\/\/shop.anubesport.com\/fr\/wp-json\/wp\/v2\/product_tag?post=32475"}],"curies":[{"name":"wp","href":"https:\/\/api.w.org\/{rel}","templated":true}]}}