{"id":32912,"date":"2026-03-11T17:44:41","date_gmt":"2026-03-11T16:44:41","guid":{"rendered":"https:\/\/shop.anubesport.com\/?post_type=product&#038;p=32912"},"modified":"2026-03-11T17:45:25","modified_gmt":"2026-03-11T16:45:25","slug":"kit-instalacion-azores","status":"publish","type":"product","link":"https:\/\/shop.anubesport.com\/fr\/producto\/kit-instalacion-azores\/","title":{"rendered":"Kit instalaci\u00f3n (A\u00e7ores)"},"content":{"rendered":"","protected":false},"excerpt":{"rendered":"<p><span style=\"color: #ff0000;\"><strong>ATENCI\u00d3N: No hacemos env\u00edos, se entregar\u00e1n \u00fanicamente en carrera.<\/strong><\/span><\/p>\n<h2><span style=\"color: #ff0000;\"><strong>NO COMPATIBLE CON VEH\u00cdCULOS DE 2 RUEDAS<\/strong><\/span><\/h2>\n","protected":false},"featured_media":2573,"template":"","meta":[],"product_brand":[],"product_cat":[642],"product_tag":[56],"class_list":{"0":"post-32912","1":"product","2":"type-product","3":"status-publish","4":"has-post-thumbnail","6":"product_cat-azores-portugal","7":"product_tag-stella-evo","8":"product_shipping_class-recoger-pedido-en-carrera","10":"first","11":"instock","12":"taxable","13":"shipping-taxable","14":"purchasable","15":"product-type-variable"},"_links":{"self":[{"href":"https:\/\/shop.anubesport.com\/fr\/wp-json\/wp\/v2\/product\/32912","targetHints":{"allow":["GET"]}}],"collection":[{"href":"https:\/\/shop.anubesport.com\/fr\/wp-json\/wp\/v2\/product"}],"about":[{"href":"https:\/\/shop.anubesport.com\/fr\/wp-json\/wp\/v2\/types\/product"}],"wp:featuredmedia":[{"embeddable":true,"href":"https:\/\/shop.anubesport.com\/fr\/wp-json\/wp\/v2\/media\/2573"}],"wp:attachment":[{"href":"https:\/\/shop.anubesport.com\/fr\/wp-json\/wp\/v2\/media?parent=32912"}],"wp:term":[{"taxonomy":"product_brand","embeddable":true,"href":"https:\/\/shop.anubesport.com\/fr\/wp-json\/wp\/v2\/product_brand?post=32912"},{"taxonomy":"product_cat","embeddable":true,"href":"https:\/\/shop.anubesport.com\/fr\/wp-json\/wp\/v2\/product_cat?post=32912"},{"taxonomy":"product_tag","embeddable":true,"href":"https:\/\/shop.anubesport.com\/fr\/wp-json\/wp\/v2\/product_tag?post=32912"}],"curies":[{"name":"wp","href":"https:\/\/api.w.org\/{rel}","templated":true}]}}