{"id":33124,"date":"2026-04-07T13:32:53","date_gmt":"2026-04-07T11:32:53","guid":{"rendered":"https:\/\/shop.anubesport.com\/?post_type=product&#038;p=33124"},"modified":"2026-04-07T13:49:08","modified_gmt":"2026-04-07T11:49:08","slug":"location-de-voiture-electronique-stella-6-ou-stella-5-1-unite","status":"publish","type":"product","link":"https:\/\/shop.anubesport.com\/fr\/producto\/location-de-voiture-electronique-stella-6-ou-stella-5-1-unite\/","title":{"rendered":"Location de voiture \u00e9lectronique Stella 6 ou Stella 5, 1 unit\u00e9"},"content":{"rendered":"<p>Location de voiture \u00e9lectronique Stella 6 ou Stella 5, 1 unit\u00e9<\/p>\n","protected":false},"excerpt":{"rendered":"<p>Location de voiture \u00e9lectronique Stella 6 ou Stella 5, 1 unit\u00e9<\/p>\n","protected":false},"featured_media":33123,"template":"","meta":[],"product_brand":[],"product_cat":[645],"product_tag":[],"class_list":{"0":"post-33124","1":"product","2":"type-product","3":"status-publish","4":"has-post-thumbnail","6":"product_cat-carta-rally","8":"first","9":"instock","10":"virtual","11":"taxable","12":"purchasable","13":"product-type-simple"},"_links":{"self":[{"href":"https:\/\/shop.anubesport.com\/fr\/wp-json\/wp\/v2\/product\/33124","targetHints":{"allow":["GET"]}}],"collection":[{"href":"https:\/\/shop.anubesport.com\/fr\/wp-json\/wp\/v2\/product"}],"about":[{"href":"https:\/\/shop.anubesport.com\/fr\/wp-json\/wp\/v2\/types\/product"}],"wp:featuredmedia":[{"embeddable":true,"href":"https:\/\/shop.anubesport.com\/fr\/wp-json\/wp\/v2\/media\/33123"}],"wp:attachment":[{"href":"https:\/\/shop.anubesport.com\/fr\/wp-json\/wp\/v2\/media?parent=33124"}],"wp:term":[{"taxonomy":"product_brand","embeddable":true,"href":"https:\/\/shop.anubesport.com\/fr\/wp-json\/wp\/v2\/product_brand?post=33124"},{"taxonomy":"product_cat","embeddable":true,"href":"https:\/\/shop.anubesport.com\/fr\/wp-json\/wp\/v2\/product_cat?post=33124"},{"taxonomy":"product_tag","embeddable":true,"href":"https:\/\/shop.anubesport.com\/fr\/wp-json\/wp\/v2\/product_tag?post=33124"}],"curies":[{"name":"wp","href":"https:\/\/api.w.org\/{rel}","templated":true}]}}