{"id":23474,"date":"2020-01-15T07:19:24","date_gmt":"2020-01-15T06:19:24","guid":{"rendered":"https:\/\/shop.anubesport.com\/producto\/substituicao-de-rf-para-antena-dupla\/"},"modified":"2023-05-05T01:31:37","modified_gmt":"2023-05-04T23:31:37","slug":"substituicao-de-rf-para-antena-dupla","status":"publish","type":"product","link":"https:\/\/shop.anubesport.com\/pt-pt\/produto\/substituicao-de-rf-para-antena-dupla\/","title":{"rendered":"Substitui\u00e7\u00e3o para antena RF dupla"},"content":{"rendered":"<p>Substitui\u00e7\u00e3o de bast\u00e3o de antena dupla<\/p>\n","protected":false},"excerpt":{"rendered":"<p>Substitui\u00e7\u00e3o de bast\u00e3o de antena dupla<\/p>\n","protected":false},"featured_media":23168,"template":"","meta":[],"product_brand":[],"product_cat":[555],"product_tag":[263],"class_list":{"0":"post-23474","1":"product","2":"type-product","3":"status-publish","4":"has-post-thumbnail","6":"product_cat-stella-evo-pt-pt","7":"product_tag-antena-dual-pt-pt","9":"first","10":"instock","11":"taxable","12":"shipping-taxable","13":"purchasable","14":"product-type-simple"},"_links":{"self":[{"href":"https:\/\/shop.anubesport.com\/pt-pt\/wp-json\/wp\/v2\/product\/23474","targetHints":{"allow":["GET"]}}],"collection":[{"href":"https:\/\/shop.anubesport.com\/pt-pt\/wp-json\/wp\/v2\/product"}],"about":[{"href":"https:\/\/shop.anubesport.com\/pt-pt\/wp-json\/wp\/v2\/types\/product"}],"wp:featuredmedia":[{"embeddable":true,"href":"https:\/\/shop.anubesport.com\/pt-pt\/wp-json\/wp\/v2\/media\/23168"}],"wp:attachment":[{"href":"https:\/\/shop.anubesport.com\/pt-pt\/wp-json\/wp\/v2\/media?parent=23474"}],"wp:term":[{"taxonomy":"product_brand","embeddable":true,"href":"https:\/\/shop.anubesport.com\/pt-pt\/wp-json\/wp\/v2\/product_brand?post=23474"},{"taxonomy":"product_cat","embeddable":true,"href":"https:\/\/shop.anubesport.com\/pt-pt\/wp-json\/wp\/v2\/product_cat?post=23474"},{"taxonomy":"product_tag","embeddable":true,"href":"https:\/\/shop.anubesport.com\/pt-pt\/wp-json\/wp\/v2\/product_tag?post=23474"}],"curies":[{"name":"wp","href":"https:\/\/api.w.org\/{rel}","templated":true}]}}