{"id":23593,"date":"2022-02-10T10:28:24","date_gmt":"2022-02-10T09:28:24","guid":{"rendered":"https:\/\/shop.anubesport.com\/producto\/kit-de-instalacao-portugal\/"},"modified":"2025-02-12T20:20:16","modified_gmt":"2025-02-12T19:20:16","slug":"kit-de-instalacao-portugal","status":"publish","type":"product","link":"https:\/\/shop.anubesport.com\/pt-pt\/produto\/kit-de-instalacao-portugal\/","title":{"rendered":"Kit de instala\u00e7\u00e3o (Portugal)"},"content":{"rendered":"","protected":false},"excerpt":{"rendered":"<p><span style=\"color: #ff0000\"><strong>ATEN\u00c7\u00c3O: N\u00e3o garantimos o envio e entrega deste produto no prazo se a compra for realizada em at\u00e9 15 dias ap\u00f3s a corrida selecionada.<\/strong><\/span><\/p>\n<h2><span style=\"color: #ff0000\"><strong><span class=\"HwtZe\" lang=\"pt\"><span class=\"jCAhz ChMk0b\"><span class=\"ryNqvb\">N\u00c3O COMPAT\u00cdVEL COM VE\u00cdCULOS DE 2 RODAS<\/span><\/span><\/span><\/strong><\/span><\/h2>\n","protected":false},"featured_media":23145,"template":"","meta":[],"product_brand":[],"product_cat":[291,302],"product_tag":[253],"class_list":{"0":"post-23593","1":"product","2":"type-product","3":"status-publish","4":"has-post-thumbnail","6":"product_cat-fmp-pt-pt","7":"product_cat-fpak","8":"product_tag-stella-evo-pt-pt","10":"first","11":"instock","12":"taxable","13":"shipping-taxable","14":"purchasable","15":"product-type-variable"},"_links":{"self":[{"href":"https:\/\/shop.anubesport.com\/pt-pt\/wp-json\/wp\/v2\/product\/23593","targetHints":{"allow":["GET"]}}],"collection":[{"href":"https:\/\/shop.anubesport.com\/pt-pt\/wp-json\/wp\/v2\/product"}],"about":[{"href":"https:\/\/shop.anubesport.com\/pt-pt\/wp-json\/wp\/v2\/types\/product"}],"wp:featuredmedia":[{"embeddable":true,"href":"https:\/\/shop.anubesport.com\/pt-pt\/wp-json\/wp\/v2\/media\/23145"}],"wp:attachment":[{"href":"https:\/\/shop.anubesport.com\/pt-pt\/wp-json\/wp\/v2\/media?parent=23593"}],"wp:term":[{"taxonomy":"product_brand","embeddable":true,"href":"https:\/\/shop.anubesport.com\/pt-pt\/wp-json\/wp\/v2\/product_brand?post=23593"},{"taxonomy":"product_cat","embeddable":true,"href":"https:\/\/shop.anubesport.com\/pt-pt\/wp-json\/wp\/v2\/product_cat?post=23593"},{"taxonomy":"product_tag","embeddable":true,"href":"https:\/\/shop.anubesport.com\/pt-pt\/wp-json\/wp\/v2\/product_tag?post=23593"}],"curies":[{"name":"wp","href":"https:\/\/api.w.org\/{rel}","templated":true}]}}