{"id":23859,"date":"2022-07-04T13:23:39","date_gmt":"2022-07-04T11:23:39","guid":{"rendered":"https:\/\/shop.anubesport.com\/producto\/stela-rb4-digital-roadbook-rental\/"},"modified":"2025-03-18T11:42:08","modified_gmt":"2025-03-18T10:42:08","slug":"stela-rb4-digital-roadbook-rental","status":"publish","type":"product","link":"https:\/\/shop.anubesport.com\/pt-pt\/produto\/stela-rb4-digital-roadbook-rental\/","title":{"rendered":"Stela RB4 digital roadbook rental"},"content":{"rendered":"<p>Stela RB4 digital roadbook rental<\/p>\n","protected":false},"excerpt":{"rendered":"<p>O teclado e os cabos necess\u00e1rios para a instala\u00e7\u00e3o s\u00e3o entregues na corrida.<\/p>\n<p>Deposite \u20ac 180.<\/p>\n","protected":false},"featured_media":23221,"template":"","meta":[],"product_brand":[],"product_cat":[264],"product_tag":[529],"class_list":{"0":"post-23859","1":"product","2":"type-product","3":"status-publish","4":"has-post-thumbnail","6":"product_cat-acessorios","7":"product_tag-servicio-pt-pt","9":"first","10":"instock","11":"virtual","12":"taxable","13":"purchasable","14":"product-type-simple"},"_links":{"self":[{"href":"https:\/\/shop.anubesport.com\/pt-pt\/wp-json\/wp\/v2\/product\/23859","targetHints":{"allow":["GET"]}}],"collection":[{"href":"https:\/\/shop.anubesport.com\/pt-pt\/wp-json\/wp\/v2\/product"}],"about":[{"href":"https:\/\/shop.anubesport.com\/pt-pt\/wp-json\/wp\/v2\/types\/product"}],"wp:featuredmedia":[{"embeddable":true,"href":"https:\/\/shop.anubesport.com\/pt-pt\/wp-json\/wp\/v2\/media\/23221"}],"wp:attachment":[{"href":"https:\/\/shop.anubesport.com\/pt-pt\/wp-json\/wp\/v2\/media?parent=23859"}],"wp:term":[{"taxonomy":"product_brand","embeddable":true,"href":"https:\/\/shop.anubesport.com\/pt-pt\/wp-json\/wp\/v2\/product_brand?post=23859"},{"taxonomy":"product_cat","embeddable":true,"href":"https:\/\/shop.anubesport.com\/pt-pt\/wp-json\/wp\/v2\/product_cat?post=23859"},{"taxonomy":"product_tag","embeddable":true,"href":"https:\/\/shop.anubesport.com\/pt-pt\/wp-json\/wp\/v2\/product_tag?post=23859"}],"curies":[{"name":"wp","href":"https:\/\/api.w.org\/{rel}","templated":true}]}}