{"id":24362,"date":"2023-07-20T11:30:37","date_gmt":"2023-07-20T09:30:37","guid":{"rendered":"https:\/\/shop.anubesport.com\/?post_type=product&#038;p=24362"},"modified":"2025-02-12T20:12:32","modified_gmt":"2025-02-12T19:12:32","slug":"kit-de-instalacao-portugal-copia","status":"publish","type":"product","link":"https:\/\/shop.anubesport.com\/pt-pt\/produto\/kit-de-instalacao-portugal-copia\/","title":{"rendered":"Kit de instala\u00e7\u00e3o (Madeira)"},"content":{"rendered":"","protected":false},"excerpt":{"rendered":"<p><span style=\"color: #ff0000\"><strong>ATEN\u00c7\u00c3O: \u00a1\u00a1\u00a1<span class=\"Y2IQFc\" lang=\"pt\">N\u00c3O S\u00c3O FEITAS ENVIOS, SOMENTE ENTREGUES NA CORRIDA!!!<\/span><\/strong><\/span><\/p>\n<h2><span style=\"color: #ff0000\"><strong><span class=\"HwtZe\" lang=\"pt\"><span class=\"jCAhz ChMk0b\"><span class=\"ryNqvb\">N\u00c3O COMPAT\u00cdVEL COM VE\u00cdCULOS DE 2 RODAS<\/span><\/span><\/span><\/strong><\/span><\/h2>\n","protected":false},"featured_media":23145,"template":"","meta":[],"product_brand":[],"product_cat":[335],"product_tag":[253],"class_list":{"0":"post-24362","1":"product","2":"type-product","3":"status-publish","4":"has-post-thumbnail","6":"product_cat-madeira-pt-pt","7":"product_tag-stella-evo-pt-pt","9":"first","10":"instock","11":"taxable","12":"shipping-taxable","13":"purchasable","14":"product-type-variable"},"_links":{"self":[{"href":"https:\/\/shop.anubesport.com\/pt-pt\/wp-json\/wp\/v2\/product\/24362","targetHints":{"allow":["GET"]}}],"collection":[{"href":"https:\/\/shop.anubesport.com\/pt-pt\/wp-json\/wp\/v2\/product"}],"about":[{"href":"https:\/\/shop.anubesport.com\/pt-pt\/wp-json\/wp\/v2\/types\/product"}],"wp:featuredmedia":[{"embeddable":true,"href":"https:\/\/shop.anubesport.com\/pt-pt\/wp-json\/wp\/v2\/media\/23145"}],"wp:attachment":[{"href":"https:\/\/shop.anubesport.com\/pt-pt\/wp-json\/wp\/v2\/media?parent=24362"}],"wp:term":[{"taxonomy":"product_brand","embeddable":true,"href":"https:\/\/shop.anubesport.com\/pt-pt\/wp-json\/wp\/v2\/product_brand?post=24362"},{"taxonomy":"product_cat","embeddable":true,"href":"https:\/\/shop.anubesport.com\/pt-pt\/wp-json\/wp\/v2\/product_cat?post=24362"},{"taxonomy":"product_tag","embeddable":true,"href":"https:\/\/shop.anubesport.com\/pt-pt\/wp-json\/wp\/v2\/product_tag?post=24362"}],"curies":[{"name":"wp","href":"https:\/\/api.w.org\/{rel}","templated":true}]}}