{"id":27872,"date":"2024-08-21T13:01:21","date_gmt":"2024-08-21T11:01:21","guid":{"rendered":"https:\/\/shop.anubesport.com\/?post_type=product&#038;p=27872"},"modified":"2025-09-26T20:25:25","modified_gmt":"2025-09-26T18:25:25","slug":"kit-tablet-stella-6-car-ssv-truck-aer","status":"publish","type":"product","link":"https:\/\/shop.anubesport.com\/pt-pt\/produto\/kit-tablet-stella-6-car-ssv-truck-aer\/","title":{"rendered":"Kit Tablet Stella 6 &#8211; car\/ssv\/truck (AER)"},"content":{"rendered":"<p>Os ve\u00edculos devem se apresentar para as verifica\u00e7\u00f5es j\u00e1 equipados com os kits instalados.<\/p>\n<p>Se precisar de acess\u00f3rios ou kits de instala\u00e7\u00e3o, fa\u00e7a seu pedido antes de \n<span class=\"mkdf-highlight\" style=\"color: \u201cwhite\u201d;background-color: \u201cred\u201d\">\n\t 29 de novembro de 2024<\/span>.<\/p>\n<p>Nenhuma expedi\u00e7\u00e3o ser\u00e1 feita para o Reino Unido e outros pa\u00edses fora da Uni\u00e3o Europeia; nesses casos, os kits ser\u00e3o entregues durante as verifica\u00e7\u00f5es na It\u00e1lia.<\/p>\n<p>NOTA &#8211; Se voc\u00ea n\u00e3o for da UE e quiser receber o kit no seu pa\u00eds, pode solicitar \u00e0 sua empresa de transporte que recolha o pedido nas nossas instala\u00e7\u00f5es. (UPS, DHL, FedEx, \u2026)<\/p>\n","protected":false},"excerpt":{"rendered":"<p>Les voitures \/ SSV \/ camions sont oblig\u00e9s d\u2019installer 1 unit\u00e9 Stella 3 EVO + 1 unit\u00e9 Stella 6. En option, et en suppl\u00e9ment, ils peuvent installer une deuxi\u00e8me tablette Stella 6. Pour recevoir l\u2019appareil lou\u00e9, vous devrez montrer une copie de votre commande \u00e0 notre \u00e9quipe.<\/p>\n","protected":false},"featured_media":28252,"template":"","meta":[],"product_brand":[],"product_cat":[53],"product_tag":[625],"class_list":{"0":"post-27872","1":"product","2":"type-product","3":"status-publish","4":"has-post-thumbnail","6":"product_cat-accesorios","7":"product_tag-africa-eco-race","9":"first","10":"instock","11":"taxable","12":"shipping-taxable","13":"purchasable","14":"product-type-simple"},"_links":{"self":[{"href":"https:\/\/shop.anubesport.com\/pt-pt\/wp-json\/wp\/v2\/product\/27872","targetHints":{"allow":["GET"]}}],"collection":[{"href":"https:\/\/shop.anubesport.com\/pt-pt\/wp-json\/wp\/v2\/product"}],"about":[{"href":"https:\/\/shop.anubesport.com\/pt-pt\/wp-json\/wp\/v2\/types\/product"}],"wp:featuredmedia":[{"embeddable":true,"href":"https:\/\/shop.anubesport.com\/pt-pt\/wp-json\/wp\/v2\/media\/28252"}],"wp:attachment":[{"href":"https:\/\/shop.anubesport.com\/pt-pt\/wp-json\/wp\/v2\/media?parent=27872"}],"wp:term":[{"taxonomy":"product_brand","embeddable":true,"href":"https:\/\/shop.anubesport.com\/pt-pt\/wp-json\/wp\/v2\/product_brand?post=27872"},{"taxonomy":"product_cat","embeddable":true,"href":"https:\/\/shop.anubesport.com\/pt-pt\/wp-json\/wp\/v2\/product_cat?post=27872"},{"taxonomy":"product_tag","embeddable":true,"href":"https:\/\/shop.anubesport.com\/pt-pt\/wp-json\/wp\/v2\/product_tag?post=27872"}],"curies":[{"name":"wp","href":"https:\/\/api.w.org\/{rel}","templated":true}]}}