{"id":28124,"date":"2024-09-19T18:39:56","date_gmt":"2024-09-19T16:39:56","guid":{"rendered":"https:\/\/shop.anubesport.com\/?post_type=product&#038;p=28124"},"modified":"2024-10-04T12:26:42","modified_gmt":"2024-10-04T10:26:42","slug":"stella-6-tablet-kit-bike-quad-aer","status":"publish","type":"product","link":"https:\/\/shop.anubesport.com\/pt-pt\/produto\/stella-6-tablet-kit-bike-quad-aer\/","title":{"rendered":"Stella 6 tablet kit &#8211; BIKE \/ QUAD -(AER)"},"content":{"rendered":"<p>Os ve\u00edculos devem ser apresentados para as verifica\u00e7\u00f5es j\u00e1 equipados com os kits instalados.<\/p>\n<p>Se precisar de acess\u00f3rios ou kits de instala\u00e7\u00e3o, fa\u00e7a seu pedido antes de\u00a0<strong>29 de novembro de 2024<\/strong>.<\/p>\n<p>N\u00e3o ser\u00e3o feitos envios para o\u00a0<strong>Reino Unido e outros pa\u00edses fora da Uni\u00e3o Europeia; nesses casos, a entrega ser\u00e1 feita durante a verifica\u00e7\u00e3o na It\u00e1lia.<\/strong><\/p>\n<p><strong>NOTA<\/strong>\u00a0&#8211; Se voc\u00ea n\u00e3o \u00e9 da UE e deseja receber o kit em seu pa\u00eds, pode solicitar \u00e0 sua empresa de transporte que retire o pedido em nossas instala\u00e7\u00f5es. (UPS, DHL, FedEx, \u2026)<\/p>\n","protected":false},"excerpt":{"rendered":"<p>Todas as motos e quadriciclos s\u00e3o obrigados a instalar o Stella 3 EVO. Opcionalmente, e adicionalmente, a tablet Stella 6 tamb\u00e9m pode ser instalada. Para receber o dispositivo alugado, voc\u00ea deve apresentar uma c\u00f3pia do seu pedido de compra \u00e0 nossa equipe.<\/p>\n","protected":false},"featured_media":31304,"template":"","meta":[],"product_brand":[],"product_cat":[53],"product_tag":[625],"class_list":{"0":"post-28124","1":"product","2":"type-product","3":"status-publish","4":"has-post-thumbnail","6":"product_cat-accesorios","7":"product_tag-africa-eco-race","9":"first","10":"instock","11":"taxable","12":"shipping-taxable","13":"purchasable","14":"product-type-simple"},"_links":{"self":[{"href":"https:\/\/shop.anubesport.com\/pt-pt\/wp-json\/wp\/v2\/product\/28124","targetHints":{"allow":["GET"]}}],"collection":[{"href":"https:\/\/shop.anubesport.com\/pt-pt\/wp-json\/wp\/v2\/product"}],"about":[{"href":"https:\/\/shop.anubesport.com\/pt-pt\/wp-json\/wp\/v2\/types\/product"}],"wp:featuredmedia":[{"embeddable":true,"href":"https:\/\/shop.anubesport.com\/pt-pt\/wp-json\/wp\/v2\/media\/31304"}],"wp:attachment":[{"href":"https:\/\/shop.anubesport.com\/pt-pt\/wp-json\/wp\/v2\/media?parent=28124"}],"wp:term":[{"taxonomy":"product_brand","embeddable":true,"href":"https:\/\/shop.anubesport.com\/pt-pt\/wp-json\/wp\/v2\/product_brand?post=28124"},{"taxonomy":"product_cat","embeddable":true,"href":"https:\/\/shop.anubesport.com\/pt-pt\/wp-json\/wp\/v2\/product_cat?post=28124"},{"taxonomy":"product_tag","embeddable":true,"href":"https:\/\/shop.anubesport.com\/pt-pt\/wp-json\/wp\/v2\/product_tag?post=28124"}],"curies":[{"name":"wp","href":"https:\/\/api.w.org\/{rel}","templated":true}]}}