{"id":29336,"date":"2025-02-10T12:22:17","date_gmt":"2025-02-10T11:22:17","guid":{"rendered":"https:\/\/shop.anubesport.com\/?post_type=product&#038;p=29336"},"modified":"2025-02-10T18:09:12","modified_gmt":"2025-02-10T17:09:12","slug":"antena-de-comunicacoes-por-satelite-iridium-certt","status":"publish","type":"product","link":"https:\/\/shop.anubesport.com\/pt-pt\/produto\/antena-de-comunicacoes-por-satelite-iridium-certt\/","title":{"rendered":"Antena de comunica\u00e7\u00f5es por sat\u00e9lite (Iridium) (CERTT)"},"content":{"rendered":"","protected":false},"excerpt":{"rendered":"","protected":false},"featured_media":23138,"template":"","meta":[],"product_brand":[],"product_cat":[494],"product_tag":[323,327,253],"class_list":{"0":"post-29336","1":"product","2":"type-product","3":"status-publish","4":"has-post-thumbnail","6":"product_cat-certt-pt","7":"product_tag-antenas-pt-pt","8":"product_tag-iridium-pt-pt","9":"product_tag-stella-evo-pt-pt","11":"first","12":"instock","13":"taxable","14":"shipping-taxable","15":"purchasable","16":"product-type-simple"},"_links":{"self":[{"href":"https:\/\/shop.anubesport.com\/pt-pt\/wp-json\/wp\/v2\/product\/29336","targetHints":{"allow":["GET"]}}],"collection":[{"href":"https:\/\/shop.anubesport.com\/pt-pt\/wp-json\/wp\/v2\/product"}],"about":[{"href":"https:\/\/shop.anubesport.com\/pt-pt\/wp-json\/wp\/v2\/types\/product"}],"wp:featuredmedia":[{"embeddable":true,"href":"https:\/\/shop.anubesport.com\/pt-pt\/wp-json\/wp\/v2\/media\/23138"}],"wp:attachment":[{"href":"https:\/\/shop.anubesport.com\/pt-pt\/wp-json\/wp\/v2\/media?parent=29336"}],"wp:term":[{"taxonomy":"product_brand","embeddable":true,"href":"https:\/\/shop.anubesport.com\/pt-pt\/wp-json\/wp\/v2\/product_brand?post=29336"},{"taxonomy":"product_cat","embeddable":true,"href":"https:\/\/shop.anubesport.com\/pt-pt\/wp-json\/wp\/v2\/product_cat?post=29336"},{"taxonomy":"product_tag","embeddable":true,"href":"https:\/\/shop.anubesport.com\/pt-pt\/wp-json\/wp\/v2\/product_tag?post=29336"}],"curies":[{"name":"wp","href":"https:\/\/api.w.org\/{rel}","templated":true}]}}