{"id":29354,"date":"2025-02-10T17:07:38","date_gmt":"2025-02-10T16:07:38","guid":{"rendered":"https:\/\/shop.anubesport.com\/?post_type=product&#038;p=29354"},"modified":"2025-02-10T18:09:00","modified_gmt":"2025-02-10T17:09:00","slug":"kit-de-instalacao-stella-roadbook-certt","status":"publish","type":"product","link":"https:\/\/shop.anubesport.com\/pt-pt\/produto\/kit-de-instalacao-stella-roadbook-certt\/","title":{"rendered":"Kit de instala\u00e7\u00e3o Stella Roadbook (CERTT)"},"content":{"rendered":"<p>Kit de instala\u00e7\u00e3o Stella Roadbook<\/p>\n<p>Inclui:<\/p>\n<ul>\n<li>Suporte Stella Roadbook em alum\u00ednio com velcro de fixa\u00e7\u00e3o frontal<\/li>\n<li>Antena GPS\/Glonass<\/li>\n<li>Antena de r\u00e1dio<\/li>\n<li>Cabo de energia<\/li>\n<li>Controle remoto<\/li>\n<\/ul>\n","protected":false},"excerpt":{"rendered":"<p>Kit de instala\u00e7\u00e3o Stella Roadbook<\/p>\n","protected":false},"featured_media":32821,"template":"","meta":[],"product_brand":[],"product_cat":[494],"product_tag":[],"class_list":{"0":"post-29354","1":"product","2":"type-product","3":"status-publish","4":"has-post-thumbnail","6":"product_cat-certt-pt","8":"first","9":"instock","10":"taxable","11":"shipping-taxable","12":"purchasable","13":"product-type-simple"},"_links":{"self":[{"href":"https:\/\/shop.anubesport.com\/pt-pt\/wp-json\/wp\/v2\/product\/29354","targetHints":{"allow":["GET"]}}],"collection":[{"href":"https:\/\/shop.anubesport.com\/pt-pt\/wp-json\/wp\/v2\/product"}],"about":[{"href":"https:\/\/shop.anubesport.com\/pt-pt\/wp-json\/wp\/v2\/types\/product"}],"wp:featuredmedia":[{"embeddable":true,"href":"https:\/\/shop.anubesport.com\/pt-pt\/wp-json\/wp\/v2\/media\/32821"}],"wp:attachment":[{"href":"https:\/\/shop.anubesport.com\/pt-pt\/wp-json\/wp\/v2\/media?parent=29354"}],"wp:term":[{"taxonomy":"product_brand","embeddable":true,"href":"https:\/\/shop.anubesport.com\/pt-pt\/wp-json\/wp\/v2\/product_brand?post=29354"},{"taxonomy":"product_cat","embeddable":true,"href":"https:\/\/shop.anubesport.com\/pt-pt\/wp-json\/wp\/v2\/product_cat?post=29354"},{"taxonomy":"product_tag","embeddable":true,"href":"https:\/\/shop.anubesport.com\/pt-pt\/wp-json\/wp\/v2\/product_tag?post=29354"}],"curies":[{"name":"wp","href":"https:\/\/api.w.org\/{rel}","templated":true}]}}