{"id":29385,"date":"2025-02-10T17:53:03","date_gmt":"2025-02-10T16:53:03","guid":{"rendered":"https:\/\/shop.anubesport.com\/?post_type=product&#038;p=29385"},"modified":"2025-02-10T18:07:05","modified_gmt":"2025-02-10T17:07:05","slug":"substituicao-para-antena-rf-dupla-cert","status":"publish","type":"product","link":"https:\/\/shop.anubesport.com\/pt-pt\/produto\/substituicao-para-antena-rf-dupla-cert\/","title":{"rendered":"Substitui\u00e7\u00e3o para antena RF dupla (CERT)"},"content":{"rendered":"<p>Substitui\u00e7\u00e3o de bast\u00e3o de antena dupla<\/p>\n","protected":false},"excerpt":{"rendered":"<p>Substitui\u00e7\u00e3o de bast\u00e3o de antena dupla<\/p>\n","protected":false},"featured_media":23168,"template":"","meta":[],"product_brand":[],"product_cat":[497],"product_tag":[263],"class_list":{"0":"post-29385","1":"product","2":"type-product","3":"status-publish","4":"has-post-thumbnail","6":"product_cat-cert-pt","7":"product_tag-antena-dual-pt-pt","9":"first","10":"instock","11":"taxable","12":"shipping-taxable","13":"purchasable","14":"product-type-simple"},"_links":{"self":[{"href":"https:\/\/shop.anubesport.com\/pt-pt\/wp-json\/wp\/v2\/product\/29385","targetHints":{"allow":["GET"]}}],"collection":[{"href":"https:\/\/shop.anubesport.com\/pt-pt\/wp-json\/wp\/v2\/product"}],"about":[{"href":"https:\/\/shop.anubesport.com\/pt-pt\/wp-json\/wp\/v2\/types\/product"}],"wp:featuredmedia":[{"embeddable":true,"href":"https:\/\/shop.anubesport.com\/pt-pt\/wp-json\/wp\/v2\/media\/23168"}],"wp:attachment":[{"href":"https:\/\/shop.anubesport.com\/pt-pt\/wp-json\/wp\/v2\/media?parent=29385"}],"wp:term":[{"taxonomy":"product_brand","embeddable":true,"href":"https:\/\/shop.anubesport.com\/pt-pt\/wp-json\/wp\/v2\/product_brand?post=29385"},{"taxonomy":"product_cat","embeddable":true,"href":"https:\/\/shop.anubesport.com\/pt-pt\/wp-json\/wp\/v2\/product_cat?post=29385"},{"taxonomy":"product_tag","embeddable":true,"href":"https:\/\/shop.anubesport.com\/pt-pt\/wp-json\/wp\/v2\/product_tag?post=29385"}],"curies":[{"name":"wp","href":"https:\/\/api.w.org\/{rel}","templated":true}]}}