{"id":29430,"date":"2024-07-19T12:43:00","date_gmt":"2024-07-19T10:43:00","guid":{"rendered":"https:\/\/shop.anubesport.com\/producto\/kit-stella-evo-sin-iridium\/"},"modified":"2025-02-11T13:35:03","modified_gmt":"2025-02-11T12:35:03","slug":"kit-stella-evo-sin-iridium","status":"publish","type":"product","link":"https:\/\/shop.anubesport.com\/pt-pt\/produto\/kit-stella-evo-sin-iridium\/","title":{"rendered":"Kit Stella EVO SIN IRIDIUM"},"content":{"rendered":"","protected":false},"excerpt":{"rendered":"<p><span style=\"color: #ff0000\"><strong>ATEN\u00c7\u00c3O: N\u00e3o ser\u00e3o efectuados envios uma semana antes do teste.<\/strong><\/span><\/p>\n<p>N\u00e3o ser\u00e3o efectuados envios para o Reino Unido.<\/p>\n","protected":false},"featured_media":26059,"template":"","meta":[],"product_brand":[],"product_cat":[555],"product_tag":[253],"class_list":{"0":"post-29430","1":"product","2":"type-product","3":"status-publish","4":"has-post-thumbnail","6":"product_cat-stella-evo-pt-pt","7":"product_tag-stella-evo-pt-pt","9":"first","10":"instock","11":"taxable","12":"shipping-taxable","13":"purchasable","14":"product-type-variable"},"_links":{"self":[{"href":"https:\/\/shop.anubesport.com\/pt-pt\/wp-json\/wp\/v2\/product\/29430","targetHints":{"allow":["GET"]}}],"collection":[{"href":"https:\/\/shop.anubesport.com\/pt-pt\/wp-json\/wp\/v2\/product"}],"about":[{"href":"https:\/\/shop.anubesport.com\/pt-pt\/wp-json\/wp\/v2\/types\/product"}],"wp:featuredmedia":[{"embeddable":true,"href":"https:\/\/shop.anubesport.com\/pt-pt\/wp-json\/wp\/v2\/media\/26059"}],"wp:attachment":[{"href":"https:\/\/shop.anubesport.com\/pt-pt\/wp-json\/wp\/v2\/media?parent=29430"}],"wp:term":[{"taxonomy":"product_brand","embeddable":true,"href":"https:\/\/shop.anubesport.com\/pt-pt\/wp-json\/wp\/v2\/product_brand?post=29430"},{"taxonomy":"product_cat","embeddable":true,"href":"https:\/\/shop.anubesport.com\/pt-pt\/wp-json\/wp\/v2\/product_cat?post=29430"},{"taxonomy":"product_tag","embeddable":true,"href":"https:\/\/shop.anubesport.com\/pt-pt\/wp-json\/wp\/v2\/product_tag?post=29430"}],"curies":[{"name":"wp","href":"https:\/\/api.w.org\/{rel}","templated":true}]}}