{"id":29520,"date":"2025-02-18T16:17:19","date_gmt":"2025-02-18T15:17:19","guid":{"rendered":"https:\/\/shop.anubesport.com\/?post_type=product&#038;p=29520"},"modified":"2025-09-12T15:34:31","modified_gmt":"2025-09-12T13:34:31","slug":"kit-stella-evo-com-iridium-2-rodas-carta-rallye-copia-copia","status":"publish","type":"product","link":"https:\/\/shop.anubesport.com\/pt-pt\/produto\/kit-stella-evo-com-iridium-2-rodas-carta-rallye-copia-copia\/","title":{"rendered":"Kit Stella EVO com Iridium &#8211; 2 rodas (Carta Rallye) (copia) (copia)"},"content":{"rendered":"<p>Antena RF<br \/>\nAntena de sat\u00e9lite IRIDIUM<br \/>\nCabo de liga\u00e7\u00e3o SMA<br \/>\nCabo de alimenta\u00e7\u00e3o<br \/>\nSuporte met\u00e1lico Stella EVO<br \/>\nManual de instala\u00e7\u00e3o<\/p>\n","protected":false},"excerpt":{"rendered":"<p><span style=\"color: #ff0000\"><strong>ATEN\u00c7\u00c3O: N\u00e3o garantimos a expedi\u00e7\u00e3o e entrega deste produto se a compra for efectuada nos 15 dias seguintes \u00e0 corrida selecionada.<\/strong><\/span><\/p>\n<p>N\u00e3o ser\u00e3o efectuados envios para o Reino Unido.<\/p>\n","protected":false},"featured_media":31149,"template":"","meta":[],"product_brand":[],"product_cat":[252,555],"product_tag":[],"class_list":{"0":"post-29520","1":"product","2":"type-product","3":"status-publish","4":"has-post-thumbnail","6":"product_cat-acessorios-stella","7":"product_cat-stella-evo-pt-pt","9":"first","10":"instock","11":"taxable","12":"shipping-taxable","13":"purchasable","14":"product-type-simple"},"_links":{"self":[{"href":"https:\/\/shop.anubesport.com\/pt-pt\/wp-json\/wp\/v2\/product\/29520","targetHints":{"allow":["GET"]}}],"collection":[{"href":"https:\/\/shop.anubesport.com\/pt-pt\/wp-json\/wp\/v2\/product"}],"about":[{"href":"https:\/\/shop.anubesport.com\/pt-pt\/wp-json\/wp\/v2\/types\/product"}],"wp:featuredmedia":[{"embeddable":true,"href":"https:\/\/shop.anubesport.com\/pt-pt\/wp-json\/wp\/v2\/media\/31149"}],"wp:attachment":[{"href":"https:\/\/shop.anubesport.com\/pt-pt\/wp-json\/wp\/v2\/media?parent=29520"}],"wp:term":[{"taxonomy":"product_brand","embeddable":true,"href":"https:\/\/shop.anubesport.com\/pt-pt\/wp-json\/wp\/v2\/product_brand?post=29520"},{"taxonomy":"product_cat","embeddable":true,"href":"https:\/\/shop.anubesport.com\/pt-pt\/wp-json\/wp\/v2\/product_cat?post=29520"},{"taxonomy":"product_tag","embeddable":true,"href":"https:\/\/shop.anubesport.com\/pt-pt\/wp-json\/wp\/v2\/product_tag?post=29520"}],"curies":[{"name":"wp","href":"https:\/\/api.w.org\/{rel}","templated":true}]}}