{"id":29770,"date":"2025-03-05T13:58:56","date_gmt":"2025-03-05T12:58:56","guid":{"rendered":"https:\/\/shop.anubesport.com\/?post_type=product&#038;p=29770"},"modified":"2025-03-18T11:42:06","modified_gmt":"2025-03-18T10:42:06","slug":"servico-de-aluguel-stella-evo-ro-rally-marathon","status":"publish","type":"product","link":"https:\/\/shop.anubesport.com\/pt-pt\/produto\/servico-de-aluguel-stella-evo-ro-rally-marathon\/","title":{"rendered":"Servi\u00e7o de Aluguel Stella EVO (Ro Rally Marathon)"},"content":{"rendered":"<p><strong>Servi\u00e7o de Aluguel de Equipamento Stella EVO para o Ro Rally Marathon<\/strong><\/p>\n<p>Todos os participantes devem ter o Kit instalado antes de passar pela verifica\u00e7\u00e3o t\u00e9cnica.<\/p>\n","protected":false},"excerpt":{"rendered":"<p>Servi\u00e7o de Aluguel de Equipamento Stella EVO para o Ro Rally Marathon Todos os participantes devem ter o Kit instalado antes de passar pela verifica\u00e7\u00e3o t\u00e9cnica.<\/p>\n","protected":false},"featured_media":23216,"template":"","meta":[],"product_brand":[],"product_cat":[313],"product_tag":[529],"class_list":{"0":"post-29770","1":"product","2":"type-product","3":"status-publish","4":"has-post-thumbnail","6":"product_cat-ro-rally-marathon","7":"product_tag-servicio-pt-pt","9":"first","10":"instock","11":"virtual","12":"taxable","13":"purchasable","14":"product-type-simple"},"_links":{"self":[{"href":"https:\/\/shop.anubesport.com\/pt-pt\/wp-json\/wp\/v2\/product\/29770","targetHints":{"allow":["GET"]}}],"collection":[{"href":"https:\/\/shop.anubesport.com\/pt-pt\/wp-json\/wp\/v2\/product"}],"about":[{"href":"https:\/\/shop.anubesport.com\/pt-pt\/wp-json\/wp\/v2\/types\/product"}],"wp:featuredmedia":[{"embeddable":true,"href":"https:\/\/shop.anubesport.com\/pt-pt\/wp-json\/wp\/v2\/media\/23216"}],"wp:attachment":[{"href":"https:\/\/shop.anubesport.com\/pt-pt\/wp-json\/wp\/v2\/media?parent=29770"}],"wp:term":[{"taxonomy":"product_brand","embeddable":true,"href":"https:\/\/shop.anubesport.com\/pt-pt\/wp-json\/wp\/v2\/product_brand?post=29770"},{"taxonomy":"product_cat","embeddable":true,"href":"https:\/\/shop.anubesport.com\/pt-pt\/wp-json\/wp\/v2\/product_cat?post=29770"},{"taxonomy":"product_tag","embeddable":true,"href":"https:\/\/shop.anubesport.com\/pt-pt\/wp-json\/wp\/v2\/product_tag?post=29770"}],"curies":[{"name":"wp","href":"https:\/\/api.w.org\/{rel}","templated":true}]}}