{"id":29797,"date":"2025-03-05T14:06:10","date_gmt":"2025-03-05T13:06:10","guid":{"rendered":"https:\/\/shop.anubesport.com\/producto\/kit-spica-ro-rally-marathon\/"},"modified":"2025-03-05T19:15:45","modified_gmt":"2025-03-05T18:15:45","slug":"kit-spica-ro-rally-marathon","status":"publish","type":"product","link":"https:\/\/shop.anubesport.com\/pt-pt\/produto\/kit-spica-ro-rally-marathon\/","title":{"rendered":"Kit Spica (Ro Rally Marathon)"},"content":{"rendered":"<ul>\n<li> Soporte met\u00e1lico para Spica  <\/li>\n<li> El\u00e1sticos <\/li>\n<li> Cabo de alimenta\u00e7\u00e3o <\/li>\n<\/ul>\n","protected":false},"excerpt":{"rendered":"<p>Soporte met\u00e1lico para Spica El\u00e1sticos Cabo de alimenta\u00e7\u00e3o<\/p>\n","protected":false},"featured_media":26940,"template":"","meta":[],"product_brand":[],"product_cat":[313],"product_tag":[520],"class_list":{"0":"post-29797","1":"product","2":"type-product","3":"status-publish","4":"has-post-thumbnail","6":"product_cat-ro-rally-marathon","7":"product_tag-spica-pt-pt","8":"product_shipping_class-recoger-pedido-en-carrera-pt-pt","10":"first","11":"instock","12":"taxable","13":"shipping-taxable","14":"purchasable","15":"product-type-simple"},"_links":{"self":[{"href":"https:\/\/shop.anubesport.com\/pt-pt\/wp-json\/wp\/v2\/product\/29797","targetHints":{"allow":["GET"]}}],"collection":[{"href":"https:\/\/shop.anubesport.com\/pt-pt\/wp-json\/wp\/v2\/product"}],"about":[{"href":"https:\/\/shop.anubesport.com\/pt-pt\/wp-json\/wp\/v2\/types\/product"}],"wp:featuredmedia":[{"embeddable":true,"href":"https:\/\/shop.anubesport.com\/pt-pt\/wp-json\/wp\/v2\/media\/26940"}],"wp:attachment":[{"href":"https:\/\/shop.anubesport.com\/pt-pt\/wp-json\/wp\/v2\/media?parent=29797"}],"wp:term":[{"taxonomy":"product_brand","embeddable":true,"href":"https:\/\/shop.anubesport.com\/pt-pt\/wp-json\/wp\/v2\/product_brand?post=29797"},{"taxonomy":"product_cat","embeddable":true,"href":"https:\/\/shop.anubesport.com\/pt-pt\/wp-json\/wp\/v2\/product_cat?post=29797"},{"taxonomy":"product_tag","embeddable":true,"href":"https:\/\/shop.anubesport.com\/pt-pt\/wp-json\/wp\/v2\/product_tag?post=29797"}],"curies":[{"name":"wp","href":"https:\/\/api.w.org\/{rel}","templated":true}]}}