{"id":30386,"date":"2025-05-16T22:59:45","date_gmt":"2025-05-16T20:59:45","guid":{"rendered":"https:\/\/shop.anubesport.com\/?post_type=product&#038;p=30386"},"modified":"2025-05-20T19:02:34","modified_gmt":"2025-05-20T17:02:34","slug":"servico-de-aluguel-stella-evo-1000-dunas","status":"publish","type":"product","link":"https:\/\/shop.anubesport.com\/pt-pt\/produto\/servico-de-aluguel-stella-evo-1000-dunas\/","title":{"rendered":"Servi\u00e7o de Aluguel Stella EVO (1000 dunas)"},"content":{"rendered":"<p><strong>Servi\u00e7o de Aluguel de Equipamento Stella EVO para o 1000 dunas<\/strong><\/p>\n<p>Todos os participantes devem ter o Kit instalado antes de passar pela verifica\u00e7\u00e3o t\u00e9cnica.<\/p>\n","protected":false},"excerpt":{"rendered":"<p>Servi\u00e7o de Aluguel de Equipamento Stella EVO para o 1000 dunas Todos os participantes devem ter o Kit instalado antes de passar pela verifica\u00e7\u00e3o t\u00e9cnica.<\/p>\n","protected":false},"featured_media":23216,"template":"","meta":[],"product_brand":[],"product_cat":[53],"product_tag":[529],"class_list":{"0":"post-30386","1":"product","2":"type-product","3":"status-publish","4":"has-post-thumbnail","6":"product_cat-accesorios","7":"product_tag-servicio-pt-pt","9":"first","10":"instock","11":"virtual","12":"taxable","13":"purchasable","14":"product-type-simple"},"_links":{"self":[{"href":"https:\/\/shop.anubesport.com\/pt-pt\/wp-json\/wp\/v2\/product\/30386","targetHints":{"allow":["GET"]}}],"collection":[{"href":"https:\/\/shop.anubesport.com\/pt-pt\/wp-json\/wp\/v2\/product"}],"about":[{"href":"https:\/\/shop.anubesport.com\/pt-pt\/wp-json\/wp\/v2\/types\/product"}],"wp:featuredmedia":[{"embeddable":true,"href":"https:\/\/shop.anubesport.com\/pt-pt\/wp-json\/wp\/v2\/media\/23216"}],"wp:attachment":[{"href":"https:\/\/shop.anubesport.com\/pt-pt\/wp-json\/wp\/v2\/media?parent=30386"}],"wp:term":[{"taxonomy":"product_brand","embeddable":true,"href":"https:\/\/shop.anubesport.com\/pt-pt\/wp-json\/wp\/v2\/product_brand?post=30386"},{"taxonomy":"product_cat","embeddable":true,"href":"https:\/\/shop.anubesport.com\/pt-pt\/wp-json\/wp\/v2\/product_cat?post=30386"},{"taxonomy":"product_tag","embeddable":true,"href":"https:\/\/shop.anubesport.com\/pt-pt\/wp-json\/wp\/v2\/product_tag?post=30386"}],"curies":[{"name":"wp","href":"https:\/\/api.w.org\/{rel}","templated":true}]}}