{"id":30420,"date":"2025-05-16T22:59:54","date_gmt":"2025-05-16T20:59:54","guid":{"rendered":"https:\/\/shop.anubesport.com\/?post_type=product&#038;p=30420"},"modified":"2025-05-20T18:54:35","modified_gmt":"2025-05-20T16:54:35","slug":"kit-stella-evo-com-iridium-1000-dunas","status":"publish","type":"product","link":"https:\/\/shop.anubesport.com\/pt-pt\/produto\/kit-stella-evo-com-iridium-1000-dunas\/","title":{"rendered":"Kit Stella EVO com Iridium (1000 dunas)"},"content":{"rendered":"","protected":false},"excerpt":{"rendered":"<p><span style=\"color: #ff0000\"><strong>ATEN\u00c7\u00c3O: N\u00e3o garantimos o envio e entrega deste produto no prazo se a compra for realizada em at\u00e9 15 dias ap\u00f3s a corrida selecionada.<\/strong><\/span><\/p>\n<p>Os envios n\u00e3o ser\u00e3o feitos para o Reino Unido.<\/p>\n","protected":false},"featured_media":31149,"template":"","meta":[],"product_brand":[],"product_cat":[53],"product_tag":[253],"class_list":{"0":"post-30420","1":"product","2":"type-product","3":"status-publish","4":"has-post-thumbnail","6":"product_cat-accesorios","7":"product_tag-stella-evo-pt-pt","9":"first","10":"instock","11":"taxable","12":"shipping-taxable","13":"purchasable","14":"product-type-variable"},"_links":{"self":[{"href":"https:\/\/shop.anubesport.com\/pt-pt\/wp-json\/wp\/v2\/product\/30420","targetHints":{"allow":["GET"]}}],"collection":[{"href":"https:\/\/shop.anubesport.com\/pt-pt\/wp-json\/wp\/v2\/product"}],"about":[{"href":"https:\/\/shop.anubesport.com\/pt-pt\/wp-json\/wp\/v2\/types\/product"}],"wp:featuredmedia":[{"embeddable":true,"href":"https:\/\/shop.anubesport.com\/pt-pt\/wp-json\/wp\/v2\/media\/31149"}],"wp:attachment":[{"href":"https:\/\/shop.anubesport.com\/pt-pt\/wp-json\/wp\/v2\/media?parent=30420"}],"wp:term":[{"taxonomy":"product_brand","embeddable":true,"href":"https:\/\/shop.anubesport.com\/pt-pt\/wp-json\/wp\/v2\/product_brand?post=30420"},{"taxonomy":"product_cat","embeddable":true,"href":"https:\/\/shop.anubesport.com\/pt-pt\/wp-json\/wp\/v2\/product_cat?post=30420"},{"taxonomy":"product_tag","embeddable":true,"href":"https:\/\/shop.anubesport.com\/pt-pt\/wp-json\/wp\/v2\/product_tag?post=30420"}],"curies":[{"name":"wp","href":"https:\/\/api.w.org\/{rel}","templated":true}]}}