{"id":30615,"date":"2025-06-23T20:26:48","date_gmt":"2025-06-23T18:26:48","guid":{"rendered":"https:\/\/shop.anubesport.com\/?post_type=product&#038;p=30615"},"modified":"2025-06-23T20:30:22","modified_gmt":"2025-06-23T18:30:22","slug":"kit-stella-evo-com-iridium-mhamid-express","status":"publish","type":"product","link":"https:\/\/shop.anubesport.com\/pt-pt\/produto\/kit-stella-evo-com-iridium-mhamid-express\/","title":{"rendered":"Kit Stella EVO com Iridium (M\u2019hamid Express)"},"content":{"rendered":"","protected":false},"excerpt":{"rendered":"<p><span style=\"color: #ff0000\"><strong>ATEN\u00c7\u00c3O: N\u00e3o garantimos o envio e entrega deste produto no prazo se a compra for realizada em at\u00e9 15 dias ap\u00f3s a corrida selecionada.<\/strong><\/span><\/p>\n<p>Os envios n\u00e3o ser\u00e3o feitos para o Reino Unido.<\/p>\n","protected":false},"featured_media":23174,"template":"","meta":[],"product_brand":[],"product_cat":[53],"product_tag":[253],"class_list":{"0":"post-30615","1":"product","2":"type-product","3":"status-publish","4":"has-post-thumbnail","6":"product_cat-accesorios","7":"product_tag-stella-evo-pt-pt","9":"first","10":"instock","11":"taxable","12":"shipping-taxable","13":"purchasable","14":"product-type-variable"},"_links":{"self":[{"href":"https:\/\/shop.anubesport.com\/pt-pt\/wp-json\/wp\/v2\/product\/30615","targetHints":{"allow":["GET"]}}],"collection":[{"href":"https:\/\/shop.anubesport.com\/pt-pt\/wp-json\/wp\/v2\/product"}],"about":[{"href":"https:\/\/shop.anubesport.com\/pt-pt\/wp-json\/wp\/v2\/types\/product"}],"wp:featuredmedia":[{"embeddable":true,"href":"https:\/\/shop.anubesport.com\/pt-pt\/wp-json\/wp\/v2\/media\/23174"}],"wp:attachment":[{"href":"https:\/\/shop.anubesport.com\/pt-pt\/wp-json\/wp\/v2\/media?parent=30615"}],"wp:term":[{"taxonomy":"product_brand","embeddable":true,"href":"https:\/\/shop.anubesport.com\/pt-pt\/wp-json\/wp\/v2\/product_brand?post=30615"},{"taxonomy":"product_cat","embeddable":true,"href":"https:\/\/shop.anubesport.com\/pt-pt\/wp-json\/wp\/v2\/product_cat?post=30615"},{"taxonomy":"product_tag","embeddable":true,"href":"https:\/\/shop.anubesport.com\/pt-pt\/wp-json\/wp\/v2\/product_tag?post=30615"}],"curies":[{"name":"wp","href":"https:\/\/api.w.org\/{rel}","templated":true}]}}