{"id":30624,"date":"2025-06-23T20:26:54","date_gmt":"2025-06-23T18:26:54","guid":{"rendered":"https:\/\/shop.anubesport.com\/?post_type=product&#038;p=30624"},"modified":"2025-06-23T20:33:09","modified_gmt":"2025-06-23T18:33:09","slug":"substituicao-para-antena-rf-dupla-mhamid-express","status":"publish","type":"product","link":"https:\/\/shop.anubesport.com\/pt-pt\/produto\/substituicao-para-antena-rf-dupla-mhamid-express\/","title":{"rendered":"Substitui\u00e7\u00e3o para antena RF dupla (M\u2019hamid Express)"},"content":{"rendered":"<p>Substitui\u00e7\u00e3o de bast\u00e3o de antena dupla<\/p>\n","protected":false},"excerpt":{"rendered":"<p>Substitui\u00e7\u00e3o de bast\u00e3o de antena dupla<\/p>\n","protected":false},"featured_media":23168,"template":"","meta":[],"product_brand":[],"product_cat":[53],"product_tag":[263],"class_list":{"0":"post-30624","1":"product","2":"type-product","3":"status-publish","4":"has-post-thumbnail","6":"product_cat-accesorios","7":"product_tag-antena-dual-pt-pt","9":"first","10":"instock","11":"taxable","12":"shipping-taxable","13":"purchasable","14":"product-type-simple"},"_links":{"self":[{"href":"https:\/\/shop.anubesport.com\/pt-pt\/wp-json\/wp\/v2\/product\/30624","targetHints":{"allow":["GET"]}}],"collection":[{"href":"https:\/\/shop.anubesport.com\/pt-pt\/wp-json\/wp\/v2\/product"}],"about":[{"href":"https:\/\/shop.anubesport.com\/pt-pt\/wp-json\/wp\/v2\/types\/product"}],"wp:featuredmedia":[{"embeddable":true,"href":"https:\/\/shop.anubesport.com\/pt-pt\/wp-json\/wp\/v2\/media\/23168"}],"wp:attachment":[{"href":"https:\/\/shop.anubesport.com\/pt-pt\/wp-json\/wp\/v2\/media?parent=30624"}],"wp:term":[{"taxonomy":"product_brand","embeddable":true,"href":"https:\/\/shop.anubesport.com\/pt-pt\/wp-json\/wp\/v2\/product_brand?post=30624"},{"taxonomy":"product_cat","embeddable":true,"href":"https:\/\/shop.anubesport.com\/pt-pt\/wp-json\/wp\/v2\/product_cat?post=30624"},{"taxonomy":"product_tag","embeddable":true,"href":"https:\/\/shop.anubesport.com\/pt-pt\/wp-json\/wp\/v2\/product_tag?post=30624"}],"curies":[{"name":"wp","href":"https:\/\/api.w.org\/{rel}","templated":true}]}}