{"id":30799,"date":"2025-07-31T13:19:13","date_gmt":"2025-07-31T11:19:13","guid":{"rendered":"https:\/\/shop.anubesport.com\/?post_type=product&#038;p=30799"},"modified":"2025-07-31T13:59:14","modified_gmt":"2025-07-31T11:59:14","slug":"spica-iv-cabo-de-alimentacao-rally-classics-africa","status":"publish","type":"product","link":"https:\/\/shop.anubesport.com\/pt-pt\/produto\/spica-iv-cabo-de-alimentacao-rally-classics-africa\/","title":{"rendered":"SPICA IV cabo de alimenta\u00e7\u00e3o &#8211; Rally Classics Africa"},"content":{"rendered":"<p>Cabo de alimenta\u00e7\u00e3o para o dispositivo SPICA IV<\/p>\n","protected":false},"excerpt":{"rendered":"<p>Cabo de alimenta\u00e7\u00e3o para o dispositivo SPICA IV<\/p>\n","protected":false},"featured_media":23141,"template":"","meta":[],"product_brand":[],"product_cat":[53],"product_tag":[],"class_list":{"0":"post-30799","1":"product","2":"type-product","3":"status-publish","4":"has-post-thumbnail","6":"product_cat-accesorios","8":"first","9":"instock","10":"taxable","11":"shipping-taxable","12":"purchasable","13":"product-type-simple"},"_links":{"self":[{"href":"https:\/\/shop.anubesport.com\/pt-pt\/wp-json\/wp\/v2\/product\/30799","targetHints":{"allow":["GET"]}}],"collection":[{"href":"https:\/\/shop.anubesport.com\/pt-pt\/wp-json\/wp\/v2\/product"}],"about":[{"href":"https:\/\/shop.anubesport.com\/pt-pt\/wp-json\/wp\/v2\/types\/product"}],"wp:featuredmedia":[{"embeddable":true,"href":"https:\/\/shop.anubesport.com\/pt-pt\/wp-json\/wp\/v2\/media\/23141"}],"wp:attachment":[{"href":"https:\/\/shop.anubesport.com\/pt-pt\/wp-json\/wp\/v2\/media?parent=30799"}],"wp:term":[{"taxonomy":"product_brand","embeddable":true,"href":"https:\/\/shop.anubesport.com\/pt-pt\/wp-json\/wp\/v2\/product_brand?post=30799"},{"taxonomy":"product_cat","embeddable":true,"href":"https:\/\/shop.anubesport.com\/pt-pt\/wp-json\/wp\/v2\/product_cat?post=30799"},{"taxonomy":"product_tag","embeddable":true,"href":"https:\/\/shop.anubesport.com\/pt-pt\/wp-json\/wp\/v2\/product_tag?post=30799"}],"curies":[{"name":"wp","href":"https:\/\/api.w.org\/{rel}","templated":true}]}}