{"id":31107,"date":"2025-09-05T12:35:13","date_gmt":"2025-09-05T10:35:13","guid":{"rendered":"https:\/\/shop.anubesport.com\/?post_type=product&#038;p=31107"},"modified":"2025-09-05T12:39:56","modified_gmt":"2025-09-05T10:39:56","slug":"substituicao-para-antena-rf-dupla-mhamid-express-copia","status":"publish","type":"product","link":"https:\/\/shop.anubesport.com\/pt-pt\/produto\/substituicao-para-antena-rf-dupla-mhamid-express-copia\/","title":{"rendered":"Substitui\u00e7\u00e3o para antena RF dupla (M\u2019hamid Express) (copia)"},"content":{"rendered":"<p>Substitui\u00e7\u00e3o de bast\u00e3o de antena dupla<\/p>\n","protected":false},"excerpt":{"rendered":"<p>Substitui\u00e7\u00e3o de bast\u00e3o de antena dupla<\/p>\n","protected":false},"featured_media":23168,"template":"","meta":[],"product_brand":[],"product_cat":[53],"product_tag":[263],"class_list":{"0":"post-31107","1":"product","2":"type-product","3":"status-publish","4":"has-post-thumbnail","6":"product_cat-accesorios","7":"product_tag-antena-dual-pt-pt","9":"first","10":"instock","11":"taxable","12":"shipping-taxable","13":"purchasable","14":"product-type-simple"},"_links":{"self":[{"href":"https:\/\/shop.anubesport.com\/pt-pt\/wp-json\/wp\/v2\/product\/31107","targetHints":{"allow":["GET"]}}],"collection":[{"href":"https:\/\/shop.anubesport.com\/pt-pt\/wp-json\/wp\/v2\/product"}],"about":[{"href":"https:\/\/shop.anubesport.com\/pt-pt\/wp-json\/wp\/v2\/types\/product"}],"wp:featuredmedia":[{"embeddable":true,"href":"https:\/\/shop.anubesport.com\/pt-pt\/wp-json\/wp\/v2\/media\/23168"}],"wp:attachment":[{"href":"https:\/\/shop.anubesport.com\/pt-pt\/wp-json\/wp\/v2\/media?parent=31107"}],"wp:term":[{"taxonomy":"product_brand","embeddable":true,"href":"https:\/\/shop.anubesport.com\/pt-pt\/wp-json\/wp\/v2\/product_brand?post=31107"},{"taxonomy":"product_cat","embeddable":true,"href":"https:\/\/shop.anubesport.com\/pt-pt\/wp-json\/wp\/v2\/product_cat?post=31107"},{"taxonomy":"product_tag","embeddable":true,"href":"https:\/\/shop.anubesport.com\/pt-pt\/wp-json\/wp\/v2\/product_tag?post=31107"}],"curies":[{"name":"wp","href":"https:\/\/api.w.org\/{rel}","templated":true}]}}