{"id":32195,"date":"2026-01-19T10:49:11","date_gmt":"2026-01-19T09:49:11","guid":{"rendered":"https:\/\/shop.anubesport.com\/?post_type=product&#038;p=32195"},"modified":"2026-01-19T10:49:52","modified_gmt":"2026-01-19T09:49:52","slug":"antena-de-comunicacoes-por-satelite-iridium-mhamid-express-copia-copia","status":"publish","type":"product","link":"https:\/\/shop.anubesport.com\/pt-pt\/produto\/antena-de-comunicacoes-por-satelite-iridium-mhamid-express-copia-copia\/","title":{"rendered":"Antena de comunica\u00e7\u00f5es por sat\u00e9lite (Iridium) (M\u2019hamid Express) (copia) (copia)"},"content":{"rendered":"","protected":false},"excerpt":{"rendered":"","protected":false},"featured_media":23138,"template":"","meta":[],"product_brand":[],"product_cat":[261,299],"product_tag":[323,327,253],"class_list":{"0":"post-32195","1":"product","2":"type-product","3":"status-publish","4":"has-post-thumbnail","6":"product_cat-oasis-pt","7":"product_cat-tunisia-pt-pt","8":"product_tag-antenas-pt-pt","9":"product_tag-iridium-pt-pt","10":"product_tag-stella-evo-pt-pt","12":"first","13":"instock","14":"taxable","15":"shipping-taxable","16":"purchasable","17":"product-type-simple"},"_links":{"self":[{"href":"https:\/\/shop.anubesport.com\/pt-pt\/wp-json\/wp\/v2\/product\/32195","targetHints":{"allow":["GET"]}}],"collection":[{"href":"https:\/\/shop.anubesport.com\/pt-pt\/wp-json\/wp\/v2\/product"}],"about":[{"href":"https:\/\/shop.anubesport.com\/pt-pt\/wp-json\/wp\/v2\/types\/product"}],"wp:featuredmedia":[{"embeddable":true,"href":"https:\/\/shop.anubesport.com\/pt-pt\/wp-json\/wp\/v2\/media\/23138"}],"wp:attachment":[{"href":"https:\/\/shop.anubesport.com\/pt-pt\/wp-json\/wp\/v2\/media?parent=32195"}],"wp:term":[{"taxonomy":"product_brand","embeddable":true,"href":"https:\/\/shop.anubesport.com\/pt-pt\/wp-json\/wp\/v2\/product_brand?post=32195"},{"taxonomy":"product_cat","embeddable":true,"href":"https:\/\/shop.anubesport.com\/pt-pt\/wp-json\/wp\/v2\/product_cat?post=32195"},{"taxonomy":"product_tag","embeddable":true,"href":"https:\/\/shop.anubesport.com\/pt-pt\/wp-json\/wp\/v2\/product_tag?post=32195"}],"curies":[{"name":"wp","href":"https:\/\/api.w.org\/{rel}","templated":true}]}}