{"id":32199,"date":"2026-01-19T10:50:57","date_gmt":"2026-01-19T09:50:57","guid":{"rendered":"https:\/\/shop.anubesport.com\/?post_type=product&#038;p=32199"},"modified":"2026-04-01T14:13:30","modified_gmt":"2026-04-01T12:13:30","slug":"stella-evo-cabo-de-alimentacao-5","status":"publish","type":"product","link":"https:\/\/shop.anubesport.com\/pt-pt\/produto\/stella-evo-cabo-de-alimentacao-5\/","title":{"rendered":"STELLA EVO cabo de alimenta\u00e7\u00e3o"},"content":{"rendered":"<p>Cabo de alimenta\u00e7\u00e3o para o dispositivo Stella EVO<\/p>\n","protected":false},"excerpt":{"rendered":"<p>Cabo de alimenta\u00e7\u00e3o para o dispositivo Stella EVO<\/p>\n","protected":false},"featured_media":23141,"template":"","meta":[],"product_brand":[],"product_cat":[261,299],"product_tag":[],"class_list":{"0":"post-32199","1":"product","2":"type-product","3":"status-publish","4":"has-post-thumbnail","6":"product_cat-oasis-pt","7":"product_cat-tunisia-pt-pt","9":"first","10":"instock","11":"taxable","12":"shipping-taxable","13":"purchasable","14":"product-type-simple"},"_links":{"self":[{"href":"https:\/\/shop.anubesport.com\/pt-pt\/wp-json\/wp\/v2\/product\/32199","targetHints":{"allow":["GET"]}}],"collection":[{"href":"https:\/\/shop.anubesport.com\/pt-pt\/wp-json\/wp\/v2\/product"}],"about":[{"href":"https:\/\/shop.anubesport.com\/pt-pt\/wp-json\/wp\/v2\/types\/product"}],"wp:featuredmedia":[{"embeddable":true,"href":"https:\/\/shop.anubesport.com\/pt-pt\/wp-json\/wp\/v2\/media\/23141"}],"wp:attachment":[{"href":"https:\/\/shop.anubesport.com\/pt-pt\/wp-json\/wp\/v2\/media?parent=32199"}],"wp:term":[{"taxonomy":"product_brand","embeddable":true,"href":"https:\/\/shop.anubesport.com\/pt-pt\/wp-json\/wp\/v2\/product_brand?post=32199"},{"taxonomy":"product_cat","embeddable":true,"href":"https:\/\/shop.anubesport.com\/pt-pt\/wp-json\/wp\/v2\/product_cat?post=32199"},{"taxonomy":"product_tag","embeddable":true,"href":"https:\/\/shop.anubesport.com\/pt-pt\/wp-json\/wp\/v2\/product_tag?post=32199"}],"curies":[{"name":"wp","href":"https:\/\/api.w.org\/{rel}","templated":true}]}}