{"id":32217,"date":"2026-01-19T11:03:20","date_gmt":"2026-01-19T10:03:20","guid":{"rendered":"https:\/\/shop.anubesport.com\/?post_type=product&#038;p=32217"},"modified":"2026-01-19T11:03:50","modified_gmt":"2026-01-19T10:03:50","slug":"kit-stella-evo-com-iridium-copia-copia-2","status":"publish","type":"product","link":"https:\/\/shop.anubesport.com\/pt-pt\/produto\/kit-stella-evo-com-iridium-copia-copia-2\/","title":{"rendered":"Kit Stella EVO com Iridium (copia) (copia)"},"content":{"rendered":"","protected":false},"excerpt":{"rendered":"<p><span style=\"color: #ff0000\"><strong>ATEN\u00c7\u00c3O: N\u00e3o garantimos o envio e entrega deste produto no prazo se a compra for realizada em at\u00e9 15 dias ap\u00f3s a corrida selecionada.<\/strong><\/span><\/p>\n<p>Os envios n\u00e3o ser\u00e3o feitos para o Reino Unido.<\/p>\n","protected":false},"featured_media":23174,"template":"","meta":[],"product_brand":[],"product_cat":[261,299],"product_tag":[253],"class_list":{"0":"post-32217","1":"product","2":"type-product","3":"status-publish","4":"has-post-thumbnail","6":"product_cat-oasis-pt","7":"product_cat-tunisia-pt-pt","8":"product_tag-stella-evo-pt-pt","10":"first","11":"instock","12":"taxable","13":"shipping-taxable","14":"purchasable","15":"product-type-variable"},"_links":{"self":[{"href":"https:\/\/shop.anubesport.com\/pt-pt\/wp-json\/wp\/v2\/product\/32217","targetHints":{"allow":["GET"]}}],"collection":[{"href":"https:\/\/shop.anubesport.com\/pt-pt\/wp-json\/wp\/v2\/product"}],"about":[{"href":"https:\/\/shop.anubesport.com\/pt-pt\/wp-json\/wp\/v2\/types\/product"}],"wp:featuredmedia":[{"embeddable":true,"href":"https:\/\/shop.anubesport.com\/pt-pt\/wp-json\/wp\/v2\/media\/23174"}],"wp:attachment":[{"href":"https:\/\/shop.anubesport.com\/pt-pt\/wp-json\/wp\/v2\/media?parent=32217"}],"wp:term":[{"taxonomy":"product_brand","embeddable":true,"href":"https:\/\/shop.anubesport.com\/pt-pt\/wp-json\/wp\/v2\/product_brand?post=32217"},{"taxonomy":"product_cat","embeddable":true,"href":"https:\/\/shop.anubesport.com\/pt-pt\/wp-json\/wp\/v2\/product_cat?post=32217"},{"taxonomy":"product_tag","embeddable":true,"href":"https:\/\/shop.anubesport.com\/pt-pt\/wp-json\/wp\/v2\/product_tag?post=32217"}],"curies":[{"name":"wp","href":"https:\/\/api.w.org\/{rel}","templated":true}]}}