{"id":32467,"date":"2026-02-18T17:17:53","date_gmt":"2026-02-18T16:17:53","guid":{"rendered":"https:\/\/shop.anubesport.com\/?post_type=product&#038;p=32467"},"modified":"2026-03-31T20:26:07","modified_gmt":"2026-03-31T18:26:07","slug":"stella-evo-cabo-de-alimentacao-4","status":"publish","type":"product","link":"https:\/\/shop.anubesport.com\/pt-pt\/produto\/stella-evo-cabo-de-alimentacao-4\/","title":{"rendered":"STELLA EVO cabo de alimenta\u00e7\u00e3o"},"content":{"rendered":"<p>Cabo de alimenta\u00e7\u00e3o para o dispositivo Stella EVO<\/p>\n","protected":false},"excerpt":{"rendered":"<p>Cabo de alimenta\u00e7\u00e3o para o dispositivo Stella EVO<\/p>\n","protected":false},"featured_media":23141,"template":"","meta":[],"product_brand":[],"product_cat":[264],"product_tag":[],"class_list":{"0":"post-32467","1":"product","2":"type-product","3":"status-publish","4":"has-post-thumbnail","6":"product_cat-acessorios","8":"first","9":"instock","10":"taxable","11":"shipping-taxable","12":"purchasable","13":"product-type-simple"},"_links":{"self":[{"href":"https:\/\/shop.anubesport.com\/pt-pt\/wp-json\/wp\/v2\/product\/32467","targetHints":{"allow":["GET"]}}],"collection":[{"href":"https:\/\/shop.anubesport.com\/pt-pt\/wp-json\/wp\/v2\/product"}],"about":[{"href":"https:\/\/shop.anubesport.com\/pt-pt\/wp-json\/wp\/v2\/types\/product"}],"wp:featuredmedia":[{"embeddable":true,"href":"https:\/\/shop.anubesport.com\/pt-pt\/wp-json\/wp\/v2\/media\/23141"}],"wp:attachment":[{"href":"https:\/\/shop.anubesport.com\/pt-pt\/wp-json\/wp\/v2\/media?parent=32467"}],"wp:term":[{"taxonomy":"product_brand","embeddable":true,"href":"https:\/\/shop.anubesport.com\/pt-pt\/wp-json\/wp\/v2\/product_brand?post=32467"},{"taxonomy":"product_cat","embeddable":true,"href":"https:\/\/shop.anubesport.com\/pt-pt\/wp-json\/wp\/v2\/product_cat?post=32467"},{"taxonomy":"product_tag","embeddable":true,"href":"https:\/\/shop.anubesport.com\/pt-pt\/wp-json\/wp\/v2\/product_tag?post=32467"}],"curies":[{"name":"wp","href":"https:\/\/api.w.org\/{rel}","templated":true}]}}