{"id":32661,"date":"2026-03-02T16:24:06","date_gmt":"2026-03-02T15:24:06","guid":{"rendered":"https:\/\/shop.anubesport.com\/?post_type=product&#038;p=32661"},"modified":"2026-03-25T19:30:57","modified_gmt":"2026-03-25T18:30:57","slug":"servico-de-aluguel-stella-evo-merzouga-1000","status":"publish","type":"product","link":"https:\/\/shop.anubesport.com\/pt-pt\/produto\/servico-de-aluguel-stella-evo-merzouga-1000\/","title":{"rendered":"Servi\u00e7o de Aluguel Stella EVO (Merzouga 1000)"},"content":{"rendered":"<p><strong>Servi\u00e7o de Aluguel de Equipamento Stella EVO para o Merzouga 1000<\/strong><\/p>\n<p>Todos os participantes devem ter o Kit instalado antes de passar pela verifica\u00e7\u00e3o t\u00e9cnica.<\/p>\n","protected":false},"excerpt":{"rendered":"<p>Servi\u00e7o de Aluguel de Equipamento Stella EVO para o Merzouga 1000 Todos os participantes devem ter o Kit instalado antes de passar pela verifica\u00e7\u00e3o t\u00e9cnica.<\/p>\n","protected":false},"featured_media":23216,"template":"","meta":[],"product_brand":[],"product_cat":[565],"product_tag":[529],"class_list":{"0":"post-32661","1":"product","2":"type-product","3":"status-publish","4":"has-post-thumbnail","6":"product_cat-classic-merzouga-1000-en-pt-pt","7":"product_tag-servicio-pt-pt","9":"first","10":"instock","11":"virtual","12":"taxable","13":"purchasable","14":"product-type-simple"},"_links":{"self":[{"href":"https:\/\/shop.anubesport.com\/pt-pt\/wp-json\/wp\/v2\/product\/32661","targetHints":{"allow":["GET"]}}],"collection":[{"href":"https:\/\/shop.anubesport.com\/pt-pt\/wp-json\/wp\/v2\/product"}],"about":[{"href":"https:\/\/shop.anubesport.com\/pt-pt\/wp-json\/wp\/v2\/types\/product"}],"wp:featuredmedia":[{"embeddable":true,"href":"https:\/\/shop.anubesport.com\/pt-pt\/wp-json\/wp\/v2\/media\/23216"}],"wp:attachment":[{"href":"https:\/\/shop.anubesport.com\/pt-pt\/wp-json\/wp\/v2\/media?parent=32661"}],"wp:term":[{"taxonomy":"product_brand","embeddable":true,"href":"https:\/\/shop.anubesport.com\/pt-pt\/wp-json\/wp\/v2\/product_brand?post=32661"},{"taxonomy":"product_cat","embeddable":true,"href":"https:\/\/shop.anubesport.com\/pt-pt\/wp-json\/wp\/v2\/product_cat?post=32661"},{"taxonomy":"product_tag","embeddable":true,"href":"https:\/\/shop.anubesport.com\/pt-pt\/wp-json\/wp\/v2\/product_tag?post=32661"}],"curies":[{"name":"wp","href":"https:\/\/api.w.org\/{rel}","templated":true}]}}