{"id":32723,"date":"2026-03-03T17:52:25","date_gmt":"2026-03-03T16:52:25","guid":{"rendered":"https:\/\/shop.anubesport.com\/?post_type=product&#038;p=32723"},"modified":"2026-03-31T20:15:50","modified_gmt":"2026-03-31T18:15:50","slug":"stella-evo-cabo-de-alimentacao-2","status":"publish","type":"product","link":"https:\/\/shop.anubesport.com\/pt-pt\/produto\/stella-evo-cabo-de-alimentacao-2\/","title":{"rendered":"STELLA EVO cabo de alimenta\u00e7\u00e3o"},"content":{"rendered":"<p>Cabo de alimenta\u00e7\u00e3o para o dispositivo Stella EVO<\/p>\n","protected":false},"excerpt":{"rendered":"<p>Cabo de alimenta\u00e7\u00e3o para o dispositivo Stella EVO<\/p>\n","protected":false},"featured_media":23141,"template":"","meta":[],"product_brand":[],"product_cat":[248],"product_tag":[],"class_list":{"0":"post-32723","1":"product","2":"type-product","3":"status-publish","4":"has-post-thumbnail","6":"product_cat-hellas-rally-raid-pt-pt","8":"first","9":"instock","10":"taxable","11":"shipping-taxable","12":"purchasable","13":"product-type-simple"},"_links":{"self":[{"href":"https:\/\/shop.anubesport.com\/pt-pt\/wp-json\/wp\/v2\/product\/32723","targetHints":{"allow":["GET"]}}],"collection":[{"href":"https:\/\/shop.anubesport.com\/pt-pt\/wp-json\/wp\/v2\/product"}],"about":[{"href":"https:\/\/shop.anubesport.com\/pt-pt\/wp-json\/wp\/v2\/types\/product"}],"wp:featuredmedia":[{"embeddable":true,"href":"https:\/\/shop.anubesport.com\/pt-pt\/wp-json\/wp\/v2\/media\/23141"}],"wp:attachment":[{"href":"https:\/\/shop.anubesport.com\/pt-pt\/wp-json\/wp\/v2\/media?parent=32723"}],"wp:term":[{"taxonomy":"product_brand","embeddable":true,"href":"https:\/\/shop.anubesport.com\/pt-pt\/wp-json\/wp\/v2\/product_brand?post=32723"},{"taxonomy":"product_cat","embeddable":true,"href":"https:\/\/shop.anubesport.com\/pt-pt\/wp-json\/wp\/v2\/product_cat?post=32723"},{"taxonomy":"product_tag","embeddable":true,"href":"https:\/\/shop.anubesport.com\/pt-pt\/wp-json\/wp\/v2\/product_tag?post=32723"}],"curies":[{"name":"wp","href":"https:\/\/api.w.org\/{rel}","templated":true}]}}