{"id":32743,"date":"2026-03-03T17:59:34","date_gmt":"2026-03-03T16:59:34","guid":{"rendered":"https:\/\/shop.anubesport.com\/?post_type=product&#038;p=32743"},"modified":"2026-03-31T20:12:10","modified_gmt":"2026-03-31T18:12:10","slug":"antena-de-comunicacoes-por-satelite-iridium-2","status":"publish","type":"product","link":"https:\/\/shop.anubesport.com\/pt-pt\/produto\/antena-de-comunicacoes-por-satelite-iridium-2\/","title":{"rendered":"Antena de comunica\u00e7\u00f5es por sat\u00e9lite (Iridium)"},"content":{"rendered":"","protected":false},"excerpt":{"rendered":"","protected":false},"featured_media":23138,"template":"","meta":[],"product_brand":[],"product_cat":[248],"product_tag":[323,327,253],"class_list":{"0":"post-32743","1":"product","2":"type-product","3":"status-publish","4":"has-post-thumbnail","6":"product_cat-hellas-rally-raid-pt-pt","7":"product_tag-antenas-pt-pt","8":"product_tag-iridium-pt-pt","9":"product_tag-stella-evo-pt-pt","11":"first","12":"instock","13":"taxable","14":"shipping-taxable","15":"purchasable","16":"product-type-simple"},"_links":{"self":[{"href":"https:\/\/shop.anubesport.com\/pt-pt\/wp-json\/wp\/v2\/product\/32743","targetHints":{"allow":["GET"]}}],"collection":[{"href":"https:\/\/shop.anubesport.com\/pt-pt\/wp-json\/wp\/v2\/product"}],"about":[{"href":"https:\/\/shop.anubesport.com\/pt-pt\/wp-json\/wp\/v2\/types\/product"}],"wp:featuredmedia":[{"embeddable":true,"href":"https:\/\/shop.anubesport.com\/pt-pt\/wp-json\/wp\/v2\/media\/23138"}],"wp:attachment":[{"href":"https:\/\/shop.anubesport.com\/pt-pt\/wp-json\/wp\/v2\/media?parent=32743"}],"wp:term":[{"taxonomy":"product_brand","embeddable":true,"href":"https:\/\/shop.anubesport.com\/pt-pt\/wp-json\/wp\/v2\/product_brand?post=32743"},{"taxonomy":"product_cat","embeddable":true,"href":"https:\/\/shop.anubesport.com\/pt-pt\/wp-json\/wp\/v2\/product_cat?post=32743"},{"taxonomy":"product_tag","embeddable":true,"href":"https:\/\/shop.anubesport.com\/pt-pt\/wp-json\/wp\/v2\/product_tag?post=32743"}],"curies":[{"name":"wp","href":"https:\/\/api.w.org\/{rel}","templated":true}]}}