{"id":32918,"date":"2026-03-11T17:44:41","date_gmt":"2026-03-11T16:44:41","guid":{"rendered":"https:\/\/shop.anubesport.com\/?post_type=product&#038;p=32918"},"modified":"2026-03-11T17:45:25","modified_gmt":"2026-03-11T16:45:25","slug":"kit-de-instalacao-madeira-copia","status":"publish","type":"product","link":"https:\/\/shop.anubesport.com\/pt-pt\/produto\/kit-de-instalacao-madeira-copia\/","title":{"rendered":"Kit de instala\u00e7\u00e3o (Madeira) (copia)"},"content":{"rendered":"","protected":false},"excerpt":{"rendered":"<p><span style=\"color: #ff0000\"><strong>ATEN\u00c7\u00c3O: \u00a1\u00a1\u00a1<span class=\"Y2IQFc\" lang=\"pt\">N\u00c3O S\u00c3O FEITAS ENVIOS, SOMENTE ENTREGUES NA CORRIDA!!!<\/span><\/strong><\/span><\/p>\n<h2><span style=\"color: #ff0000\"><strong><span class=\"HwtZe\" lang=\"pt\"><span class=\"jCAhz ChMk0b\"><span class=\"ryNqvb\">N\u00c3O COMPAT\u00cdVEL COM VE\u00cdCULOS DE 2 RODAS<\/span><\/span><\/span><\/strong><\/span><\/h2>\n","protected":false},"featured_media":23145,"template":"","meta":[],"product_brand":[],"product_cat":[451],"product_tag":[253],"class_list":{"0":"post-32918","1":"product","2":"type-product","3":"status-publish","4":"has-post-thumbnail","6":"product_cat-accessoires","7":"product_tag-stella-evo-pt-pt","8":"product_shipping_class-recoger-pedido-en-carrera-pt-pt","10":"first","11":"instock","12":"taxable","13":"shipping-taxable","14":"purchasable","15":"product-type-variable"},"_links":{"self":[{"href":"https:\/\/shop.anubesport.com\/pt-pt\/wp-json\/wp\/v2\/product\/32918","targetHints":{"allow":["GET"]}}],"collection":[{"href":"https:\/\/shop.anubesport.com\/pt-pt\/wp-json\/wp\/v2\/product"}],"about":[{"href":"https:\/\/shop.anubesport.com\/pt-pt\/wp-json\/wp\/v2\/types\/product"}],"wp:featuredmedia":[{"embeddable":true,"href":"https:\/\/shop.anubesport.com\/pt-pt\/wp-json\/wp\/v2\/media\/23145"}],"wp:attachment":[{"href":"https:\/\/shop.anubesport.com\/pt-pt\/wp-json\/wp\/v2\/media?parent=32918"}],"wp:term":[{"taxonomy":"product_brand","embeddable":true,"href":"https:\/\/shop.anubesport.com\/pt-pt\/wp-json\/wp\/v2\/product_brand?post=32918"},{"taxonomy":"product_cat","embeddable":true,"href":"https:\/\/shop.anubesport.com\/pt-pt\/wp-json\/wp\/v2\/product_cat?post=32918"},{"taxonomy":"product_tag","embeddable":true,"href":"https:\/\/shop.anubesport.com\/pt-pt\/wp-json\/wp\/v2\/product_tag?post=32918"}],"curies":[{"name":"wp","href":"https:\/\/api.w.org\/{rel}","templated":true}]}}