{"id":33073,"date":"2026-04-07T12:59:43","date_gmt":"2026-04-07T10:59:43","guid":{"rendered":"https:\/\/shop.anubesport.com\/?post_type=product&#038;p=33073"},"modified":"2026-04-07T13:13:55","modified_gmt":"2026-04-07T11:13:55","slug":"stella-evo-cabo-de-alimentacao-copia","status":"publish","type":"product","link":"https:\/\/shop.anubesport.com\/pt-pt\/produto\/stella-evo-cabo-de-alimentacao-copia\/","title":{"rendered":"STELLA EVO cabo de alimenta\u00e7\u00e3o (Carta Rally)"},"content":{"rendered":"<p>Cabo de alimenta\u00e7\u00e3o para o dispositivo Stella EVO<\/p>\n","protected":false},"excerpt":{"rendered":"<p>Cabo de alimenta\u00e7\u00e3o para o dispositivo Stella EVO<\/p>\n","protected":false},"featured_media":23141,"template":"","meta":[],"product_brand":[],"product_cat":[646],"product_tag":[],"class_list":{"0":"post-33073","1":"product","2":"type-product","3":"status-publish","4":"has-post-thumbnail","6":"product_cat-carta-rally","8":"first","9":"instock","10":"taxable","11":"shipping-taxable","12":"purchasable","13":"product-type-simple"},"_links":{"self":[{"href":"https:\/\/shop.anubesport.com\/pt-pt\/wp-json\/wp\/v2\/product\/33073","targetHints":{"allow":["GET"]}}],"collection":[{"href":"https:\/\/shop.anubesport.com\/pt-pt\/wp-json\/wp\/v2\/product"}],"about":[{"href":"https:\/\/shop.anubesport.com\/pt-pt\/wp-json\/wp\/v2\/types\/product"}],"wp:featuredmedia":[{"embeddable":true,"href":"https:\/\/shop.anubesport.com\/pt-pt\/wp-json\/wp\/v2\/media\/23141"}],"wp:attachment":[{"href":"https:\/\/shop.anubesport.com\/pt-pt\/wp-json\/wp\/v2\/media?parent=33073"}],"wp:term":[{"taxonomy":"product_brand","embeddable":true,"href":"https:\/\/shop.anubesport.com\/pt-pt\/wp-json\/wp\/v2\/product_brand?post=33073"},{"taxonomy":"product_cat","embeddable":true,"href":"https:\/\/shop.anubesport.com\/pt-pt\/wp-json\/wp\/v2\/product_cat?post=33073"},{"taxonomy":"product_tag","embeddable":true,"href":"https:\/\/shop.anubesport.com\/pt-pt\/wp-json\/wp\/v2\/product_tag?post=33073"}],"curies":[{"name":"wp","href":"https:\/\/api.w.org\/{rel}","templated":true}]}}