{"id":33089,"date":"2026-04-07T12:59:50","date_gmt":"2026-04-07T10:59:50","guid":{"rendered":"https:\/\/shop.anubesport.com\/?post_type=product&#038;p=33089"},"modified":"2026-04-07T13:19:46","modified_gmt":"2026-04-07T11:19:46","slug":"substituicao-para-antena-rf-dupla-carta-rally","status":"publish","type":"product","link":"https:\/\/shop.anubesport.com\/pt-pt\/produto\/substituicao-para-antena-rf-dupla-carta-rally\/","title":{"rendered":"Substitui\u00e7\u00e3o para antena RF dupla (Carta rally rally)"},"content":{"rendered":"<p>Substitui\u00e7\u00e3o de bast\u00e3o de antena dupla<\/p>\n","protected":false},"excerpt":{"rendered":"<p>Substitui\u00e7\u00e3o de bast\u00e3o de antena dupla<\/p>\n","protected":false},"featured_media":23168,"template":"","meta":[],"product_brand":[],"product_cat":[646],"product_tag":[263],"class_list":{"0":"post-33089","1":"product","2":"type-product","3":"status-publish","4":"has-post-thumbnail","6":"product_cat-carta-rally","7":"product_tag-antena-dual-pt-pt","9":"first","10":"instock","11":"taxable","12":"shipping-taxable","13":"purchasable","14":"product-type-simple"},"_links":{"self":[{"href":"https:\/\/shop.anubesport.com\/pt-pt\/wp-json\/wp\/v2\/product\/33089","targetHints":{"allow":["GET"]}}],"collection":[{"href":"https:\/\/shop.anubesport.com\/pt-pt\/wp-json\/wp\/v2\/product"}],"about":[{"href":"https:\/\/shop.anubesport.com\/pt-pt\/wp-json\/wp\/v2\/types\/product"}],"wp:featuredmedia":[{"embeddable":true,"href":"https:\/\/shop.anubesport.com\/pt-pt\/wp-json\/wp\/v2\/media\/23168"}],"wp:attachment":[{"href":"https:\/\/shop.anubesport.com\/pt-pt\/wp-json\/wp\/v2\/media?parent=33089"}],"wp:term":[{"taxonomy":"product_brand","embeddable":true,"href":"https:\/\/shop.anubesport.com\/pt-pt\/wp-json\/wp\/v2\/product_brand?post=33089"},{"taxonomy":"product_cat","embeddable":true,"href":"https:\/\/shop.anubesport.com\/pt-pt\/wp-json\/wp\/v2\/product_cat?post=33089"},{"taxonomy":"product_tag","embeddable":true,"href":"https:\/\/shop.anubesport.com\/pt-pt\/wp-json\/wp\/v2\/product_tag?post=33089"}],"curies":[{"name":"wp","href":"https:\/\/api.w.org\/{rel}","templated":true}]}}